{"id":182947,"date":"2021-10-27T16:34:59","date_gmt":"2021-10-27T14:34:59","guid":{"rendered":"https:\/\/grupoom.es\/blog\/"},"modified":"2026-03-17T17:13:18","modified_gmt":"2026-03-17T16:13:18","slug":"blog","status":"publish","type":"page","link":"https:\/\/grupoom.es\/ca\/blog\/","title":{"rendered":"Blog"},"content":{"rendered":"<div class=\"wpb-content-wrapper\"><p>[vc_row row_height_percent=&#8221;55&#8243; back_image=&#8221;104187&#8243; back_position=&#8221;center center&#8221; parallax=&#8221;yes&#8221; overlay_alpha=&#8221;50&#8243; gutter_size=&#8221;3&#8243; column_width_percent=&#8221;100&#8243; shift_y=&#8221;0&#8243; z_index=&#8221;0&#8243; medium_visibility=&#8221;yes&#8221; mobile_visibility=&#8221;yes&#8221; uncode_shortcode_id=&#8221;761547&#8243;][vc_column width=&#8221;1\/1&#8243;][\/vc_column][\/vc_row][vc_row unlock_row_content=&#8221;yes&#8221; row_height_percent=&#8221;0&#8243; override_padding=&#8221;yes&#8221; h_padding=&#8221;5&#8243; top_padding=&#8221;0&#8243; bottom_padding=&#8221;5&#8243; overlay_alpha=&#8221;100&#8243; gutter_size=&#8221;100&#8243; column_width_percent=&#8221;100&#8243; shift_y=&#8221;0&#8243; shift_y_fixed=&#8221;yes&#8221; z_index=&#8221;0&#8243; medium_visibility=&#8221;yes&#8221; mobile_visibility=&#8221;yes&#8221; style=&#8221;inherited&#8221; uncode_shortcode_id=&#8221;102688&#8243;][vc_column column_width_percent=&#8221;100&#8243; gutter_size=&#8221;0&#8243; override_padding=&#8221;yes&#8221; column_padding=&#8221;0&#8243; overlay_alpha=&#8221;50&#8243; shift_x=&#8221;0&#8243; shift_y=&#8221;0&#8243; shift_y_down=&#8221;0&#8243; z_index=&#8221;0&#8243; medium_width=&#8221;0&#8243; mobile_width=&#8221;0&#8243; zoom_width=&#8221;0&#8243; zoom_height=&#8221;0&#8243; width=&#8221;1\/1&#8243; uncode_shortcode_id=&#8221;987534&#8243;][vc_empty_space empty_h=&#8221;5&#8243;][uncode_index el_id=&#8221;index-1192389362&#8243; loop=&#8221;size:6|order_by:date|order:DESC|post_type:post|authors:1|categories:200|taxonomy_count:10&#8243; style_preset=&#8221;metro&#8221; index_back_color=&#8221;color-lxmt&#8221; pagination=&#8221;yes&#8221; gutter_size=&#8221;3&#8243; inner_padding=&#8221;yes&#8221; post_items=&#8221;media|featured|onpost|original,date,title&#8221; page_items=&#8221;title,media,text,category&#8221; product_items=&#8221;title,media,text,category,price&#8221; portfolio_items=&#8221;title,media,text,category&#8221; screen_lg=&#8221;600&#8243; screen_md=&#8221;600&#8243; screen_sm=&#8221;480&#8243; single_text=&#8221;lateral&#8221; single_width=&#8221;12&#8243; single_height=&#8221;3&#8243; single_image_size=&#8221;5&#8243; single_back_color=&#8221;color-xsdn&#8221; single_shape=&#8221;round&#8221; radius=&#8221;std&#8221; single_overlay_color=&#8221;accent&#8221; single_overlay_opacity=&#8221;75&#8243; single_padding=&#8221;2&#8243; single_title_semantic=&#8221;h2&#8243; single_title_dimension=&#8221;h2&#8243; single_border=&#8221;yes&#8221; single_css_animation=&#8221;bottom-t-top&#8221; single_animation_delay=&#8221;200&#8243; custom_order=&#8221;yes&#8221; no_double_tap=&#8221;yes&#8221; filtering_menu=&#8221;inline&#8221; single_text_hover=&#8221;&#8221; single_block_click=&#8221;&#8221; single_no_background=&#8221;&#8221; single_title_uppercase=&#8221;&#8221; single_title_serif=&#8221;&#8221; single_title_divider=&#8221;&#8221; single_half_padding=&#8221;&#8221; single_title_bold=&#8221;yes&#8221; footer_position=&#8221;left&#8221; carousel_rtl=&#8221;&#8221; single_icon=&#8221;fa fa-plus2&#8243; uncode_shortcode_id=&#8221;158886&#8243; index_back_color_type=&#8221;uncode-palette&#8221; order_ids=&#8221;1,101943,101946,103448,103436,103404,103501,103499,103497,103495,103450,103446,103401,103399,103397&#8243;][\/vc_column][\/vc_row][vc_row unlock_row_content=&#8221;yes&#8221; row_height_percent=&#8221;0&#8243; override_padding=&#8221;yes&#8221; h_padding=&#8221;5&#8243; top_padding=&#8221;0&#8243; bottom_padding=&#8221;5&#8243; overlay_alpha=&#8221;100&#8243; gutter_size=&#8221;100&#8243; column_width_percent=&#8221;100&#8243; shift_y=&#8221;0&#8243; shift_y_fixed=&#8221;yes&#8221; z_index=&#8221;0&#8243; desktop_visibility=&#8221;yes&#8221; style=&#8221;inherited&#8221; uncode_shortcode_id=&#8221;368062&#8243;][vc_column column_width_percent=&#8221;100&#8243; gutter_size=&#8221;0&#8243; override_padding=&#8221;yes&#8221; column_padding=&#8221;0&#8243; overlay_alpha=&#8221;50&#8243; shift_x=&#8221;0&#8243; shift_y=&#8221;0&#8243; shift_y_down=&#8221;0&#8243; z_index=&#8221;0&#8243; medium_width=&#8221;0&#8243; mobile_width=&#8221;0&#8243; zoom_width=&#8221;0&#8243; zoom_height=&#8221;0&#8243; width=&#8221;1\/1&#8243; uncode_shortcode_id=&#8221;987534&#8243;][vc_empty_space empty_h=&#8221;5&#8243;][uncode_index el_id=&#8221;index-11911&#8243; loop=&#8221;size:6|order_by:date|order:DESC|post_type:post|categories:200|taxonomy_count:10&#8243; index_back_color=&#8221;color-lxmt&#8221; pagination=&#8221;yes&#8221; gutter_size=&#8221;3&#8243; inner_padding=&#8221;yes&#8221; post_items=&#8221;media|featured|onpost|original,date,title&#8221; page_items=&#8221;title,media,text,category&#8221; product_items=&#8221;title,media,text,category,price&#8221; portfolio_items=&#8221;title,media,text,category&#8221; screen_lg=&#8221;600&#8243; screen_md=&#8221;600&#8243; screen_sm=&#8221;480&#8243; single_text=&#8221;lateral&#8221; single_width=&#8221;12&#8243; single_image_size=&#8221;7&#8243; single_back_color=&#8221;color-xsdn&#8221; single_shape=&#8221;round&#8221; radius=&#8221;std&#8221; single_overlay_color=&#8221;accent&#8221; single_overlay_opacity=&#8221;75&#8243; single_padding=&#8221;2&#8243; single_title_semantic=&#8221;h2&#8243; single_title_dimension=&#8221;h3&#8243; single_border=&#8221;yes&#8221; single_css_animation=&#8221;bottom-t-top&#8221; single_animation_delay=&#8221;200&#8243; custom_order=&#8221;yes&#8221; no_double_tap=&#8221;yes&#8221; filtering_menu=&#8221;inline&#8221; single_text_hover=&#8221;&#8221; single_block_click=&#8221;&#8221; single_no_background=&#8221;&#8221; single_title_uppercase=&#8221;&#8221; single_title_serif=&#8221;&#8221; single_title_divider=&#8221;&#8221; single_half_padding=&#8221;&#8221; single_title_bold=&#8221;yes&#8221; footer_position=&#8221;left&#8221; carousel_rtl=&#8221;&#8221; single_icon=&#8221;fa fa-plus2&#8243; uncode_shortcode_id=&#8221;168708&#8243; index_back_color_type=&#8221;uncode-palette&#8221; order_ids=&#8221;1,101943,101946,103448,103436,103404,103501,103499,103497,103495,103450,103446,103401,103399,103397&#8243;][\/vc_column][\/vc_row]<\/p>\n<\/div>","protected":false},"excerpt":{"rendered":"<p>[vc_row row_height_percent=&#8221;55&#8243; back_image=&#8221;104187&#8243; back_position=&#8221;center center&#8221; parallax=&#8221;yes&#8221; overlay_alpha=&#8221;50&#8243; gutter_size=&#8221;3&#8243; column_width_percent=&#8221;100&#8243; shift_y=&#8221;0&#8243; z_index=&#8221;0&#8243; medium_visibility=&#8221;yes&#8221; mobile_visibility=&#8221;yes&#8221; uncode_shortcode_id=&#8221;761547&#8243;][vc_column width=&#8221;1\/1&#8243;][\/vc_column][\/vc_row][vc_row unlock_row_content=&#8221;yes&#8221; row_height_percent=&#8221;0&#8243; override_padding=&#8221;yes&#8221; h_padding=&#8221;5&#8243; top_padding=&#8221;0&#8243; [&hellip;]<\/p>\n","protected":false},"author":1,"featured_media":0,"parent":0,"menu_order":0,"comment_status":"closed","ping_status":"closed","template":"","meta":{"footnotes":""},"class_list":["post-182947","page","type-page","status-publish","hentry"],"yoast_head":"<!-- This site is optimized with the Yoast SEO plugin v27.2 - https:\/\/yoast.com\/product\/yoast-seo-wordpress\/ -->\n<title>Blog - Grupo On Market<\/title>\n<meta name=\"description\" content=\"Blog amb les not\u00edcies m\u00e9s rellevants de Grupoom, els seus clients i articles d&#039;inter\u00e8s dels sectors de la publicitat, el m\u00e0rqueting i la comunicaci\u00f3 en l\u00ednia\" \/>\n<meta name=\"robots\" content=\"index, follow, max-snippet:-1, max-image-preview:large, max-video-preview:-1\" \/>\n<link rel=\"canonical\" href=\"https:\/\/grupoom.es\/ca\/blog\/\" \/>\n<meta property=\"og:locale\" content=\"ca_ES\" \/>\n<meta property=\"og:type\" content=\"article\" \/>\n<meta property=\"og:title\" content=\"Blog - Grupo On Market\" \/>\n<meta property=\"og:description\" content=\"Blog amb les not\u00edcies m\u00e9s rellevants de Grupoom, els seus clients i articles d&#039;inter\u00e8s dels sectors de la publicitat, el m\u00e0rqueting i la comunicaci\u00f3 en l\u00ednia\" \/>\n<meta property=\"og:url\" content=\"https:\/\/grupoom.es\/ca\/blog\/\" \/>\n<meta property=\"og:site_name\" content=\"Grupo On Market\" \/>\n<meta property=\"article:modified_time\" content=\"2026-03-17T16:13:18+00:00\" \/>\n<meta name=\"twitter:card\" content=\"summary_large_image\" \/>\n<meta name=\"twitter:label1\" content=\"Temps estimat de lectura\" \/>\n\t<meta name=\"twitter:data1\" content=\"3 minuts\" \/>\n<script type=\"application\/ld+json\" class=\"yoast-schema-graph\">{\"@context\":\"https:\/\/schema.org\",\"@graph\":[{\"@type\":\"WebPage\",\"@id\":\"https:\/\/grupoom.es\/ca\/blog\/\",\"url\":\"https:\/\/grupoom.es\/ca\/blog\/\",\"name\":\"Blog - Grupo On Market\",\"isPartOf\":{\"@id\":\"https:\/\/grupoom.es\/ca\/#website\"},\"datePublished\":\"2021-10-27T14:34:59+00:00\",\"dateModified\":\"2026-03-17T16:13:18+00:00\",\"description\":\"Blog amb les not\u00edcies m\u00e9s rellevants de Grupoom, els seus clients i articles d'inter\u00e8s dels sectors de la publicitat, el m\u00e0rqueting i la comunicaci\u00f3 en l\u00ednia\",\"breadcrumb\":{\"@id\":\"https:\/\/grupoom.es\/ca\/blog\/#breadcrumb\"},\"inLanguage\":\"ca\",\"potentialAction\":[{\"@type\":\"ReadAction\",\"target\":[\"https:\/\/grupoom.es\/ca\/blog\/\"]}]},{\"@type\":\"BreadcrumbList\",\"@id\":\"https:\/\/grupoom.es\/ca\/blog\/#breadcrumb\",\"itemListElement\":[{\"@type\":\"ListItem\",\"position\":1,\"name\":\"Portada\",\"item\":\"https:\/\/grupoom.es\/ca\/agencia-de-publicitat-i-marqueting-online-a-castello\/\"},{\"@type\":\"ListItem\",\"position\":2,\"name\":\"Blog\"}]},{\"@type\":\"WebSite\",\"@id\":\"https:\/\/grupoom.es\/ca\/#website\",\"url\":\"https:\/\/grupoom.es\/ca\/\",\"name\":\"Grupo On Market\",\"description\":\"Agencia de Publicidad y Marketing Online en Castell\u00f3n\",\"potentialAction\":[{\"@type\":\"SearchAction\",\"target\":{\"@type\":\"EntryPoint\",\"urlTemplate\":\"https:\/\/grupoom.es\/ca\/?s={search_term_string}\"},\"query-input\":{\"@type\":\"PropertyValueSpecification\",\"valueRequired\":true,\"valueName\":\"search_term_string\"}}],\"inLanguage\":\"ca\"}]}<\/script>\n<!-- \/ Yoast SEO plugin. -->","yoast_head_json":{"title":"Blog - Grupo On Market","description":"Blog amb les not\u00edcies m\u00e9s rellevants de Grupoom, els seus clients i articles d'inter\u00e8s dels sectors de la publicitat, el m\u00e0rqueting i la comunicaci\u00f3 en l\u00ednia","robots":{"index":"index","follow":"follow","max-snippet":"max-snippet:-1","max-image-preview":"max-image-preview:large","max-video-preview":"max-video-preview:-1"},"canonical":"https:\/\/grupoom.es\/ca\/blog\/","og_locale":"ca_ES","og_type":"article","og_title":"Blog - Grupo On Market","og_description":"Blog amb les not\u00edcies m\u00e9s rellevants de Grupoom, els seus clients i articles d'inter\u00e8s dels sectors de la publicitat, el m\u00e0rqueting i la comunicaci\u00f3 en l\u00ednia","og_url":"https:\/\/grupoom.es\/ca\/blog\/","og_site_name":"Grupo On Market","article_modified_time":"2026-03-17T16:13:18+00:00","twitter_card":"summary_large_image","twitter_misc":{"Temps estimat de lectura":"3 minuts"},"schema":{"@context":"https:\/\/schema.org","@graph":[{"@type":"WebPage","@id":"https:\/\/grupoom.es\/ca\/blog\/","url":"https:\/\/grupoom.es\/ca\/blog\/","name":"Blog - Grupo On Market","isPartOf":{"@id":"https:\/\/grupoom.es\/ca\/#website"},"datePublished":"2021-10-27T14:34:59+00:00","dateModified":"2026-03-17T16:13:18+00:00","description":"Blog amb les not\u00edcies m\u00e9s rellevants de Grupoom, els seus clients i articles d'inter\u00e8s dels sectors de la publicitat, el m\u00e0rqueting i la comunicaci\u00f3 en l\u00ednia","breadcrumb":{"@id":"https:\/\/grupoom.es\/ca\/blog\/#breadcrumb"},"inLanguage":"ca","potentialAction":[{"@type":"ReadAction","target":["https:\/\/grupoom.es\/ca\/blog\/"]}]},{"@type":"BreadcrumbList","@id":"https:\/\/grupoom.es\/ca\/blog\/#breadcrumb","itemListElement":[{"@type":"ListItem","position":1,"name":"Portada","item":"https:\/\/grupoom.es\/ca\/agencia-de-publicitat-i-marqueting-online-a-castello\/"},{"@type":"ListItem","position":2,"name":"Blog"}]},{"@type":"WebSite","@id":"https:\/\/grupoom.es\/ca\/#website","url":"https:\/\/grupoom.es\/ca\/","name":"Grupo On Market","description":"Agencia de Publicidad y Marketing Online en Castell\u00f3n","potentialAction":[{"@type":"SearchAction","target":{"@type":"EntryPoint","urlTemplate":"https:\/\/grupoom.es\/ca\/?s={search_term_string}"},"query-input":{"@type":"PropertyValueSpecification","valueRequired":true,"valueName":"search_term_string"}}],"inLanguage":"ca"}]}},"_links":{"self":[{"href":"https:\/\/grupoom.es\/ca\/wp-json\/wp\/v2\/pages\/182947","targetHints":{"allow":["GET"]}}],"collection":[{"href":"https:\/\/grupoom.es\/ca\/wp-json\/wp\/v2\/pages"}],"about":[{"href":"https:\/\/grupoom.es\/ca\/wp-json\/wp\/v2\/types\/page"}],"author":[{"embeddable":true,"href":"https:\/\/grupoom.es\/ca\/wp-json\/wp\/v2\/users\/1"}],"replies":[{"embeddable":true,"href":"https:\/\/grupoom.es\/ca\/wp-json\/wp\/v2\/comments?post=182947"}],"version-history":[{"count":1,"href":"https:\/\/grupoom.es\/ca\/wp-json\/wp\/v2\/pages\/182947\/revisions"}],"predecessor-version":[{"id":182952,"href":"https:\/\/grupoom.es\/ca\/wp-json\/wp\/v2\/pages\/182947\/revisions\/182952"}],"wp:attachment":[{"href":"https:\/\/grupoom.es\/ca\/wp-json\/wp\/v2\/media?parent=182947"}],"curies":[{"name":"wp","href":"https:\/\/api.w.org\/{rel}","templated":true}]}}