{"id":182962,"date":"2015-03-02T18:08:43","date_gmt":"2015-03-02T17:08:43","guid":{"rendered":"https:\/\/grupoom.es\/contacte\/"},"modified":"2026-03-24T17:21:22","modified_gmt":"2026-03-24T16:21:22","slug":"contacte","status":"publish","type":"page","link":"https:\/\/grupoom.es\/ca\/contacte\/","title":{"rendered":"Contacte"},"content":{"rendered":"<div class=\"wpb-content-wrapper\"><p>[vc_row unlock_row_content=&#8221;yes&#8221; row_height_percent=&#8221;0&#8243; override_padding=&#8221;yes&#8221; h_padding=&#8221;0&#8243; top_padding=&#8221;0&#8243; bottom_padding=&#8221;0&#8243; overlay_alpha=&#8221;100&#8243; gutter_size=&#8221;0&#8243; column_width_percent=&#8221;100&#8243; shift_y=&#8221;0&#8243; z_index=&#8221;0&#8243; row_height_use_pixel=&#8221;yes&#8221; style=&#8221;inherited&#8221; uncode_shortcode_id=&#8221;226896&#8243;][vc_column column_width_percent=&#8221;100&#8243; position_horizontal=&#8221;right&#8221; position_vertical=&#8221;middle&#8221; gutter_size=&#8221;3&#8243; overlay_alpha=&#8221;50&#8243; shift_x=&#8221;0&#8243; shift_y=&#8221;0&#8243; shift_y_down=&#8221;0&#8243; z_index=&#8221;4&#8243; medium_width=&#8221;0&#8243; mobile_width=&#8221;0&#8243; width=&#8221;1\/3&#8243; uncode_shortcode_id=&#8221;199117&#8243;][vc_row_inner row_inner_height_percent=&#8221;0&#8243; overlay_alpha=&#8221;50&#8243; gutter_size=&#8221;2&#8243; shift_y=&#8221;0&#8243; z_index=&#8221;0&#8243; uncode_shortcode_id=&#8221;108069&#8243;][vc_column_inner column_width_percent=&#8221;100&#8243; position_horizontal=&#8221;right&#8221; position_vertical=&#8221;middle&#8221; gutter_size=&#8221;0&#8243; override_padding=&#8221;yes&#8221; column_padding=&#8221;2&#8243; back_color=&#8221;color-xsdn&#8221; overlay_alpha=&#8221;50&#8243; shift_x=&#8221;0&#8243; shift_y=&#8221;0&#8243; shift_y_down=&#8221;0&#8243; z_index=&#8221;0&#8243; medium_width=&#8221;6&#8243; mobile_width=&#8221;6&#8243; width=&#8221;1\/1&#8243; uncode_shortcode_id=&#8221;175950&#8243; back_color_type=&#8221;uncode-palette&#8221;][vc_single_image media=&#8221;182961&#8243; media_width_percent=&#8221;85&#8243; alignment=&#8221;right&#8221; css_animation=&#8221;bottom-t-top&#8221; animation_delay=&#8221;600&#8243; uncode_shortcode_id=&#8221;188977&#8243;][\/vc_column_inner][\/vc_row_inner][\/vc_column][vc_column column_width_percent=&#8221;100&#8243; position_horizontal=&#8221;left&#8221; position_vertical=&#8221;middle&#8221; gutter_size=&#8221;3&#8243; override_padding=&#8221;yes&#8221; column_padding=&#8221;2&#8243; overlay_alpha=&#8221;50&#8243; shift_x=&#8221;0&#8243; shift_y=&#8221;0&#8243; shift_y_down=&#8221;0&#8243; z_index=&#8221;0&#8243; medium_visibility=&#8221;yes&#8221; medium_width=&#8221;0&#8243; mobile_visibility=&#8221;yes&#8221; mobile_width=&#8221;0&#8243; width=&#8221;2\/3&#8243; uncode_shortcode_id=&#8221;503290&#8243;]\n\t\t\t<!-- START Film Strip 1 1 REVOLUTION SLIDER 6.7.40 --><p class=\"rs-p-wp-fix\"><\/p>\n\t\t\t<rs-module-wrap id=\"rev_slider_89_1_wrapper\" data-source=\"gallery\" style=\"visibility:hidden;background:rgba(238,238,238,0);padding:0;margin:0px auto;margin-top:0;margin-bottom:0;\">\n\t\t\t\t<rs-module id=\"rev_slider_89_1\" style=\"\" data-version=\"6.7.40\">\n\t\t\t\t\t<rs-slides style=\"overflow: hidden; position: absolute;\">\n\t\t\t\t\t\t<rs-slide style=\"position: absolute;\" data-key=\"rs-200\" data-title=\"Slide\" data-anim=\"adpr:false;ms:600;\" data-in=\"o:0;\" data-out=\"a:false;\" data-filmstrip='{\"direction\":\"left-to-right\",\"filter\":\"none\",\"times\":\"40,60,60,60\",\"imgs\":[{\"url\":\"https:\\\/\\\/grupoom.es\\\/wp-content\\\/uploads\\\/2021\\\/10\\\/hola_GROUPOOM.png\",\"alt\":\"\"}]}'>\n\t\t\t\t\t\t\t<img decoding=\"async\" src=\"\/\/grupoom.es\/wp-content\/plugins\/revslider\/sr6\/assets\/assets\/dummy.png\" alt=\"Slide\" title=\"Contacto\" class=\"rev-slidebg tp-rs-img rs-lazyload\" data-lazyload=\"\/\/grupoom.es\/wp-content\/plugins\/revslider\/sr6\/assets\/assets\/transparent.png\" data-no-retina>\n<!---->\t\t\t\t\t<\/rs-slide>\n\t\t\t\t\t<\/rs-slides>\n\t\t\t\t<\/rs-module>\n\t\t\t\t<script>\n\t\t\t\t\tsetREVStartSize({c: 'rev_slider_89_1',rl:[1240,1024,778,480],el:[300,600,500,400],gw:[1240,1024,778,480],gh:[300,600,500,200],type:'hero',justify:'',layout:'fullwidth',mh:\"0\"});if (window.RS_MODULES!==undefined && window.RS_MODULES.modules!==undefined && window.RS_MODULES.modules[\"revslider891\"]!==undefined) {window.RS_MODULES.modules[\"revslider891\"].once = false;window.revapi89 = undefined;if (window.RS_MODULES.checkMinimal!==undefined) window.RS_MODULES.checkMinimal()}\n\t\t\t\t<\/script>\n\t\t\t<\/rs-module-wrap>\n\t\t\t<!-- END REVOLUTION SLIDER -->\n[\/vc_column][\/vc_row][vc_row unlock_row_content=&#8221;yes&#8221; row_height_percent=&#8221;0&#8243; override_padding=&#8221;yes&#8221; h_padding=&#8221;4&#8243; top_padding=&#8221;0&#8243; bottom_padding=&#8221;1&#8243; overlay_alpha=&#8221;100&#8243; gutter_size=&#8221;100&#8243; column_width_percent=&#8221;100&#8243; shift_y=&#8221;0&#8243; z_index=&#8221;0&#8243; row_height_use_pixel=&#8221;yes&#8221; style=&#8221;inherited&#8221; uncode_shortcode_id=&#8221;133585&#8243;][vc_column column_width_percent=&#8221;100&#8243; gutter_size=&#8221;3&#8243; override_padding=&#8221;yes&#8221; column_padding=&#8221;1&#8243; overlay_alpha=&#8221;50&#8243; shift_x=&#8221;0&#8243; shift_y=&#8221;0&#8243; shift_y_down=&#8221;0&#8243; z_index=&#8221;0&#8243; medium_width=&#8221;7&#8243; mobile_width=&#8221;7&#8243; width=&#8221;1\/2&#8243; uncode_shortcode_id=&#8221;198088&#8243;][vc_custom_heading heading_semantic=&#8221;h1&#8243; text_size=&#8221;h1&#8243; uncode_shortcode_id=&#8221;174728&#8243; subheading=&#8221;Podeu posar-vos en contacte amb nosaltres per a tot all\u00f2 que necessiteu, plantejar-nos el vostre projecte, consultar els vostres dubtes o simplement per dir hola!&#8221;][\/vc_custom_heading]\n<div class=\"wpcf7 no-js\" id=\"wpcf7-f183573-o1\" lang=\"ca\" dir=\"ltr\" data-wpcf7-id=\"183573\">\n<div class=\"screen-reader-response\"><p role=\"status\" aria-live=\"polite\" aria-atomic=\"true\"><\/p> <ul><\/ul><\/div>\n<form action=\"\/ca\/wp-json\/wp\/v2\/pages\/182962#wpcf7-f183573-o1\" method=\"post\" class=\"wpcf7-form init\" aria-label=\"Formulari de contacte\" novalidate=\"novalidate\" data-status=\"init\">\n<fieldset class=\"hidden-fields-container\"><input type=\"hidden\" name=\"_wpcf7\" value=\"183573\" \/><input type=\"hidden\" name=\"_wpcf7_version\" value=\"6.1.5\" \/><input type=\"hidden\" name=\"_wpcf7_locale\" value=\"ca\" \/><input type=\"hidden\" name=\"_wpcf7_unit_tag\" value=\"wpcf7-f183573-o1\" \/><input type=\"hidden\" name=\"_wpcf7_container_post\" value=\"0\" \/><input type=\"hidden\" name=\"_wpcf7_posted_data_hash\" value=\"\" \/><input type=\"hidden\" name=\"_wpcf7_recaptcha_response\" value=\"\" \/>\n<\/fieldset>\n<p><span class=\"wpcf7-form-control-wrap\" data-name=\"your-fullname\"><input size=\"40\" maxlength=\"400\" class=\"wpcf7-form-control wpcf7-text wpcf7-validates-as-required form-fluid\" aria-required=\"true\" aria-invalid=\"false\" placeholder=\"Nom i cognoms\" value=\"\" type=\"text\" name=\"your-fullname\" \/><\/span>\n<\/p>\n<div class=\"wpcf7-inline-wrapper\">\n\t<p class=\"wpcf7-inline-field\"><span class=\"wpcf7-form-control-wrap\" data-name=\"your-email\"><input size=\"40\" maxlength=\"400\" class=\"wpcf7-form-control wpcf7-email wpcf7-validates-as-required wpcf7-text wpcf7-validates-as-email\" aria-required=\"true\" aria-invalid=\"false\" placeholder=\"Correu electr\u00f2nic\" value=\"\" type=\"email\" name=\"your-email\" \/><\/span>\n\t<\/p>\n\t<p class=\"wpcf7-inline-field\"><span class=\"wpcf7-form-control-wrap\" data-name=\"your-telephone\"><input size=\"40\" maxlength=\"400\" class=\"wpcf7-form-control wpcf7-text wpcf7-validates-as-required form-fluid\" aria-required=\"true\" aria-invalid=\"false\" placeholder=\"Tel\u00e8fon\" value=\"\" type=\"text\" name=\"your-telephone\" \/><\/span>\n\t<\/p>\n<\/div>\n<p><span class=\"wpcf7-form-control-wrap\" data-name=\"your-message\"><textarea cols=\"40\" rows=\"8\" maxlength=\"2000\" class=\"wpcf7-form-control wpcf7-textarea\" aria-invalid=\"false\" placeholder=\"Missatge\" name=\"your-message\"><\/textarea><\/span>\n<\/p>\n<p><span class=\"wpcf7-form-control-wrap\" data-name=\"accept-this-1\"><span class=\"wpcf7-form-control wpcf7-acceptance\"><span class=\"wpcf7-list-item\"><label><input type=\"checkbox\" name=\"accept-this-1\" value=\"1\" aria-invalid=\"false\" \/><span class=\"wpcf7-list-item-label\">Accepto la <a href=\"https:\/\/grupoom.es\/politica-de-privacidad\/\" target=\"_blank\" rel=\"noopener\">pol\u00edtica de privacitat<\/a> d\u2019aquest lloc web.<\/span><\/label><\/span><\/span><\/span>\n<\/p>\n<p><input class=\"wpcf7-form-control wpcf7-submit has-spinner btn btn-accent\" type=\"submit\" value=\"Envia\" \/>\n<\/p><div class=\"wpcf7-response-output\" aria-hidden=\"true\"><\/div>\n<\/form>\n<\/div>\n[\/vc_column][vc_column column_width_percent=&#8221;100&#8243; position_horizontal=&#8221;left&#8221; align_horizontal=&#8221;align_center&#8221; gutter_size=&#8221;3&#8243; expand_height=&#8221;yes&#8221; overlay_alpha=&#8221;100&#8243; shift_x=&#8221;0&#8243; shift_y=&#8221;0&#8243; shift_y_down=&#8221;0&#8243; z_index=&#8221;0&#8243; medium_width=&#8221;7&#8243; mobile_width=&#8221;7&#8243; width=&#8221;1\/2&#8243; zoom_width=&#8221;0&#8243; zoom_height=&#8221;0&#8243; uncode_shortcode_id=&#8221;193456&#8243;][vc_raw_html]JTNDaWZyYW1lJTIwc3JjJTNEJTIyaHR0cHMlM0ElMkYlMkZ3d3cuZ29vZ2xlLmNvbSUyRm1hcHMlMkZlbWJlZCUzRnBiJTNEJTIxMW0xOCUyMTFtMTIlMjExbTMlMjExZDMwNjIuMTMzMDEyMzQyMjQwNCUyMTJkLTAuMDc2OTQxMDIzNzg5NjY5NzQlMjEzZDM5Ljg3MTI1ODM4ODY1NzglMjEybTMlMjExZjAlMjEyZjAlMjEzZjAlMjEzbTIlMjExaTEwMjQlMjEyaTc2OCUyMTRmMTMuMSUyMTNtMyUyMTFtMiUyMTFzMHhkNjAwMzg5ZDEzYWFlMmQlMjUzQTB4OTljOGExMTVlOTI3MmVhNiUyMTJzR1JVUE9PTSUyNTIwLSUyNTIwQWdlbmNpYSUyNTIwZGUlMjUyMFB1YmxpY2lkYWQlMjE1ZTAlMjEzbTIlMjExc2VzJTIxMnNlcyUyMTR2MTc3MTQyODYyOTI4NiUyMTVtMiUyMTFzZXMlMjEyc2VzJTIyJTIwd2lkdGglM0QlMjI2MDAlMjIlMjBoZWlnaHQlM0QlMjI0NTAlMjIlMjBzdHlsZSUzRCUyMmJvcmRlciUzQTAlM0IlMjIlMjBhbGxvd2Z1bGxzY3JlZW4lM0QlMjIlMjIlMjBsb2FkaW5nJTNEJTIybGF6eSUyMiUyMHJlZmVycmVycG9saWN5JTNEJTIybm8tcmVmZXJyZXItd2hlbi1kb3duZ3JhZGUlMjIlM0UlM0MlMkZpZnJhbWUlM0U=[\/vc_raw_html][vc_row_inner row_inner_height_percent=&#8221;0&#8243; overlay_alpha=&#8221;50&#8243; gutter_size=&#8221;1&#8243; shift_y=&#8221;0&#8243; z_index=&#8221;0&#8243; uncode_shortcode_id=&#8221;924638&#8243;][vc_column_inner column_width_percent=&#8221;100&#8243; position_horizontal=&#8221;left&#8221; position_vertical=&#8221;bottom&#8221; gutter_size=&#8221;3&#8243; override_padding=&#8221;yes&#8221; column_padding=&#8221;1&#8243; overlay_alpha=&#8221;50&#8243; shift_x=&#8221;0&#8243; shift_y=&#8221;0&#8243; shift_y_down=&#8221;0&#8243; z_index=&#8221;0&#8243; medium_width=&#8221;5&#8243; mobile_width=&#8221;5&#8243; width=&#8221;1\/3&#8243; uncode_shortcode_id=&#8221;169169&#8243;][vc_empty_space empty_h=&#8221;1&#8243;][vc_icon position=&#8221;left&#8221; space_reduced=&#8221;yes&#8221; icon=&#8221;fa fa-phone&#8221; icon_color=&#8221;accent&#8221; size=&#8221;fa-2x&#8221; heading_semantic=&#8221;h6&#8243; text_size=&#8221;h5&#8243; linked_title=&#8221;yes&#8221; title=&#8221;964 51 89 50&#8243; link=&#8221;url:tel%3A%2B34964518950|&#8221; uncode_shortcode_id=&#8221;151397&#8243; icon_color_type=&#8221;uncode-palette&#8221;][\/vc_icon][\/vc_column_inner][vc_column_inner column_width_percent=&#8221;100&#8243; position_vertical=&#8221;bottom&#8221; gutter_size=&#8221;3&#8243; override_padding=&#8221;yes&#8221; column_padding=&#8221;1&#8243; overlay_alpha=&#8221;50&#8243; shift_x=&#8221;0&#8243; shift_y=&#8221;0&#8243; shift_y_down=&#8221;0&#8243; z_index=&#8221;0&#8243; medium_width=&#8221;5&#8243; mobile_width=&#8221;5&#8243; width=&#8221;1\/3&#8243; uncode_shortcode_id=&#8221;452266&#8243;][vc_empty_space empty_h=&#8221;1&#8243;][vc_icon position=&#8221;left&#8221; space_reduced=&#8221;yes&#8221; icon=&#8221;fa fa-envelope&#8221; icon_color=&#8221;accent&#8221; size=&#8221;fa-2x&#8221; heading_semantic=&#8221;h6&#8243; text_size=&#8221;h5&#8243; linked_title=&#8221;yes&#8221; title=&#8221;grupoom@grupoom.es&#8221; link=&#8221;url:mailto%3Agrupoom%40grupoom.es|target:_blank|rel:nofollow|&#8221; uncode_shortcode_id=&#8221;564127&#8243; icon_color_type=&#8221;uncode-palette&#8221;][\/vc_icon][\/vc_column_inner][\/vc_row_inner][\/vc_column][\/vc_row][vc_row unlock_row_content=&#8221;yes&#8221; row_height_percent=&#8221;0&#8243; override_padding=&#8221;yes&#8221; h_padding=&#8221;4&#8243; top_padding=&#8221;0&#8243; bottom_padding=&#8221;1&#8243; overlay_alpha=&#8221;100&#8243; gutter_size=&#8221;100&#8243; column_width_percent=&#8221;100&#8243; shift_y=&#8221;0&#8243; z_index=&#8221;0&#8243; row_height_use_pixel=&#8221;yes&#8221; style=&#8221;inherited&#8221; uncode_shortcode_id=&#8221;133585&#8243;][vc_column column_width_percent=&#8221;100&#8243; gutter_size=&#8221;3&#8243; overlay_alpha=&#8221;50&#8243; shift_x=&#8221;0&#8243; shift_y=&#8221;0&#8243; shift_y_down=&#8221;0&#8243; z_index=&#8221;0&#8243; medium_width=&#8221;0&#8243; mobile_width=&#8221;0&#8243; width=&#8221;1\/2&#8243; uncode_shortcode_id=&#8221;296071&#8243;][\/vc_column][vc_column column_width_percent=&#8221;100&#8243; position_horizontal=&#8221;left&#8221; align_horizontal=&#8221;align_center&#8221; gutter_size=&#8221;3&#8243; expand_height=&#8221;yes&#8221; overlay_alpha=&#8221;100&#8243; shift_x=&#8221;0&#8243; shift_y=&#8221;0&#8243; shift_y_down=&#8221;0&#8243; z_index=&#8221;0&#8243; medium_width=&#8221;0&#8243; mobile_width=&#8221;0&#8243; width=&#8221;1\/2&#8243; zoom_width=&#8221;0&#8243; zoom_height=&#8221;0&#8243; uncode_shortcode_id=&#8221;137569&#8243;][\/vc_column][\/vc_row][vc_row][vc_column width=&#8221;1\/1&#8243;][vc_empty_space empty_h=&#8221;2&#8243;][\/vc_column][\/vc_row]<\/p>\n<\/div>","protected":false},"excerpt":{"rendered":"<p>Aquest m\u00f2dul de Google Maps es pot utilitzar en qualsevol p\u00e0gina o entrada amb opcions intu\u00eftives que us permeten utilitzar l&#8217;estil predeterminat o personalitzat.<\/p>\n","protected":false},"author":1,"featured_media":0,"parent":0,"menu_order":0,"comment_status":"open","ping_status":"open","template":"","meta":{"footnotes":""},"class_list":["post-182962","page","type-page","status-publish","hentry"],"yoast_head":"<!-- This site is optimized with the Yoast SEO plugin v27.2 - https:\/\/yoast.com\/product\/yoast-seo-wordpress\/ -->\n<title>Contacte - Grupo On Market<\/title>\n<meta name=\"description\" content=\"Grupo On Market, Ag\u00e8ncia de Publicitat i M\u00e0rqueting Online a Borriana, Castell\u00f3, Val\u00e8ncia, Espanya.\" \/>\n<meta name=\"robots\" content=\"index, follow, max-snippet:-1, max-image-preview:large, max-video-preview:-1\" \/>\n<link rel=\"canonical\" href=\"https:\/\/grupoom.es\/ca\/contacte\/\" \/>\n<meta property=\"og:locale\" content=\"ca_ES\" \/>\n<meta property=\"og:type\" content=\"article\" \/>\n<meta property=\"og:title\" content=\"Contacte - Grupo On Market\" \/>\n<meta property=\"og:description\" content=\"Grupo On Market, Ag\u00e8ncia de Publicitat i M\u00e0rqueting Online a Borriana, Castell\u00f3, Val\u00e8ncia, Espanya.\" \/>\n<meta property=\"og:url\" content=\"https:\/\/grupoom.es\/ca\/contacte\/\" \/>\n<meta property=\"og:site_name\" content=\"Grupo On Market\" \/>\n<meta property=\"article:modified_time\" content=\"2026-03-24T16:21:22+00:00\" \/>\n<meta name=\"twitter:card\" content=\"summary_large_image\" \/>\n<meta name=\"twitter:label1\" content=\"Temps estimat de lectura\" \/>\n\t<meta name=\"twitter:data1\" content=\"2 minuts\" \/>\n<script type=\"application\/ld+json\" class=\"yoast-schema-graph\">{\"@context\":\"https:\/\/schema.org\",\"@graph\":[{\"@type\":\"WebPage\",\"@id\":\"https:\/\/grupoom.es\/ca\/contacte\/\",\"url\":\"https:\/\/grupoom.es\/ca\/contacte\/\",\"name\":\"Contacte - Grupo On Market\",\"isPartOf\":{\"@id\":\"https:\/\/grupoom.es\/ca\/#website\"},\"datePublished\":\"2015-03-02T17:08:43+00:00\",\"dateModified\":\"2026-03-24T16:21:22+00:00\",\"description\":\"Grupo On Market, Ag\u00e8ncia de Publicitat i M\u00e0rqueting Online a Borriana, Castell\u00f3, Val\u00e8ncia, Espanya.\",\"breadcrumb\":{\"@id\":\"https:\/\/grupoom.es\/ca\/contacte\/#breadcrumb\"},\"inLanguage\":\"ca\",\"potentialAction\":[{\"@type\":\"ReadAction\",\"target\":[\"https:\/\/grupoom.es\/ca\/contacte\/\"]}]},{\"@type\":\"BreadcrumbList\",\"@id\":\"https:\/\/grupoom.es\/ca\/contacte\/#breadcrumb\",\"itemListElement\":[{\"@type\":\"ListItem\",\"position\":1,\"name\":\"Portada\",\"item\":\"https:\/\/grupoom.es\/ca\/agencia-de-publicitat-i-marqueting-online-a-castello\/\"},{\"@type\":\"ListItem\",\"position\":2,\"name\":\"Contacte\"}]},{\"@type\":\"WebSite\",\"@id\":\"https:\/\/grupoom.es\/ca\/#website\",\"url\":\"https:\/\/grupoom.es\/ca\/\",\"name\":\"Grupo On Market\",\"description\":\"Agencia de Publicidad y Marketing Online en Castell\u00f3n\",\"potentialAction\":[{\"@type\":\"SearchAction\",\"target\":{\"@type\":\"EntryPoint\",\"urlTemplate\":\"https:\/\/grupoom.es\/ca\/?s={search_term_string}\"},\"query-input\":{\"@type\":\"PropertyValueSpecification\",\"valueRequired\":true,\"valueName\":\"search_term_string\"}}],\"inLanguage\":\"ca\"}]}<\/script>\n<!-- \/ Yoast SEO plugin. -->","yoast_head_json":{"title":"Contacte - Grupo On Market","description":"Grupo On Market, Ag\u00e8ncia de Publicitat i M\u00e0rqueting Online a Borriana, Castell\u00f3, Val\u00e8ncia, Espanya.","robots":{"index":"index","follow":"follow","max-snippet":"max-snippet:-1","max-image-preview":"max-image-preview:large","max-video-preview":"max-video-preview:-1"},"canonical":"https:\/\/grupoom.es\/ca\/contacte\/","og_locale":"ca_ES","og_type":"article","og_title":"Contacte - Grupo On Market","og_description":"Grupo On Market, Ag\u00e8ncia de Publicitat i M\u00e0rqueting Online a Borriana, Castell\u00f3, Val\u00e8ncia, Espanya.","og_url":"https:\/\/grupoom.es\/ca\/contacte\/","og_site_name":"Grupo On Market","article_modified_time":"2026-03-24T16:21:22+00:00","twitter_card":"summary_large_image","twitter_misc":{"Temps estimat de lectura":"2 minuts"},"schema":{"@context":"https:\/\/schema.org","@graph":[{"@type":"WebPage","@id":"https:\/\/grupoom.es\/ca\/contacte\/","url":"https:\/\/grupoom.es\/ca\/contacte\/","name":"Contacte - Grupo On Market","isPartOf":{"@id":"https:\/\/grupoom.es\/ca\/#website"},"datePublished":"2015-03-02T17:08:43+00:00","dateModified":"2026-03-24T16:21:22+00:00","description":"Grupo On Market, Ag\u00e8ncia de Publicitat i M\u00e0rqueting Online a Borriana, Castell\u00f3, Val\u00e8ncia, Espanya.","breadcrumb":{"@id":"https:\/\/grupoom.es\/ca\/contacte\/#breadcrumb"},"inLanguage":"ca","potentialAction":[{"@type":"ReadAction","target":["https:\/\/grupoom.es\/ca\/contacte\/"]}]},{"@type":"BreadcrumbList","@id":"https:\/\/grupoom.es\/ca\/contacte\/#breadcrumb","itemListElement":[{"@type":"ListItem","position":1,"name":"Portada","item":"https:\/\/grupoom.es\/ca\/agencia-de-publicitat-i-marqueting-online-a-castello\/"},{"@type":"ListItem","position":2,"name":"Contacte"}]},{"@type":"WebSite","@id":"https:\/\/grupoom.es\/ca\/#website","url":"https:\/\/grupoom.es\/ca\/","name":"Grupo On Market","description":"Agencia de Publicidad y Marketing Online en Castell\u00f3n","potentialAction":[{"@type":"SearchAction","target":{"@type":"EntryPoint","urlTemplate":"https:\/\/grupoom.es\/ca\/?s={search_term_string}"},"query-input":{"@type":"PropertyValueSpecification","valueRequired":true,"valueName":"search_term_string"}}],"inLanguage":"ca"}]}},"_links":{"self":[{"href":"https:\/\/grupoom.es\/ca\/wp-json\/wp\/v2\/pages\/182962","targetHints":{"allow":["GET"]}}],"collection":[{"href":"https:\/\/grupoom.es\/ca\/wp-json\/wp\/v2\/pages"}],"about":[{"href":"https:\/\/grupoom.es\/ca\/wp-json\/wp\/v2\/types\/page"}],"author":[{"embeddable":true,"href":"https:\/\/grupoom.es\/ca\/wp-json\/wp\/v2\/users\/1"}],"replies":[{"embeddable":true,"href":"https:\/\/grupoom.es\/ca\/wp-json\/wp\/v2\/comments?post=182962"}],"version-history":[{"count":5,"href":"https:\/\/grupoom.es\/ca\/wp-json\/wp\/v2\/pages\/182962\/revisions"}],"predecessor-version":[{"id":183575,"href":"https:\/\/grupoom.es\/ca\/wp-json\/wp\/v2\/pages\/182962\/revisions\/183575"}],"wp:attachment":[{"href":"https:\/\/grupoom.es\/ca\/wp-json\/wp\/v2\/media?parent=182962"}],"curies":[{"name":"wp","href":"https:\/\/api.w.org\/{rel}","templated":true}]}}