{"id":182969,"date":"2021-12-15T16:28:14","date_gmt":"2021-12-15T15:28:14","guid":{"rendered":"https:\/\/grupoom.es\/disseny\/"},"modified":"2026-03-25T16:30:28","modified_gmt":"2026-03-25T15:30:28","slug":"disseny","status":"publish","type":"page","link":"https:\/\/grupoom.es\/ca\/disseny\/","title":{"rendered":"Disseny"},"content":{"rendered":"<div class=\"wpb-content-wrapper\"><p>[vc_row unlock_row_content=&#8221;yes&#8221; row_height_percent=&#8221;85&#8243; override_padding=&#8221;yes&#8221; h_padding=&#8221;4&#8243; top_padding=&#8221;5&#8243; bottom_padding=&#8221;5&#8243; back_image=&#8221;105702&#8243; overlay_color=&#8221;color-jevc&#8221; overlay_alpha=&#8221;8&#8243; gutter_size=&#8221;3&#8243; column_width_percent=&#8221;100&#8243; shift_y=&#8221;0&#8243; z_index=&#8221;0&#8243; enable_bottom_divider=&#8221;default&#8221; bottom_divider=&#8221;ray-opacity&#8221; shape_bottom_h_use_pixel=&#8221;&#8221; shape_bottom_height=&#8221;50&#8243; shape_bottom_color=&#8221;color-lxmt&#8221; shape_bottom_opacity=&#8221;100&#8243; shape_bottom_index=&#8221;0&#8243; uncode_shortcode_id=&#8221;183846&#8243; shape_bottom_color_type=&#8221;uncode-palette&#8221; overlay_color_type=&#8221;uncode-palette&#8221;][vc_column column_width_percent=&#8221;100&#8243; position_vertical=&#8221;middle&#8221; align_horizontal=&#8221;align_center&#8221; gutter_size=&#8221;3&#8243; style=&#8221;light&#8221; overlay_alpha=&#8221;50&#8243; shift_x=&#8221;0&#8243; shift_y=&#8221;0&#8243; shift_y_down=&#8221;0&#8243; z_index=&#8221;0&#8243; medium_width=&#8221;0&#8243; mobile_width=&#8221;0&#8243; width=&#8221;1\/1&#8243; uncode_shortcode_id=&#8221;395921&#8243;][vc_empty_space empty_h=&#8221;4&#8243;][uncode_index el_id=&#8221;index-209731&#8243; index_type=&#8221;titles&#8221; loop=&#8221;size:10|order_by:date|post_type:post|categories:375|taxonomy_count:10&#8243; titles_display=&#8221;inline&#8221; gutter_size=&#8221;3&#8243; drop_image_separator=&#8221;slash&#8221; drop_image_position=&#8221;hide&#8221; drop_image_time=&#8221;250&#8243; drop_image_hover=&#8221;accent&#8221; drop_image_extra=&#8221;yes&#8221; drop_image_extra_weight=&#8221;normal&#8221; single_style=&#8221;dark&#8221; single_title_semantic=&#8221;h1&#8243; single_title_dimension=&#8221;fontsize-767262&#8243; single_title_weight=&#8221;400&#8243; custom_order=&#8221;yes&#8221; no_double_tap=&#8221;yes&#8221; titles_display_mobile=&#8221;yes&#8221; titles_gap_reduced_mobile=&#8221;yes&#8221; titles_hide_separator_mobile=&#8221;yes&#8221; uncode_shortcode_id=&#8221;206042&#8243; order_ids=&#8221;183519,183518,183517,183516&#8243; items=&#8221;eyIxMDMzOTdfaSI6eyJzaW5nbGVfbGluayI6InVybDolMjN3ZWIifSwiMTAzMzk5X2kiOnsic2luZ2xlX2xpbmsiOiJ1cmw6JTIzd2ViYXBwIn0sIjEwMzQwMV9pIjp7InNpbmdsZV9saW5rIjoidXJsOiUyM3Nob3BvbmxpbmUifSwiMTAzNDk1X2kiOnsic2luZ2xlX2xpbmsiOiJ1cmw6JTIzaW1hZ2VuLWNvcnBvcmF0aXZhfHRpdGxlOkRpc2VuaW8ifSwiMTAzNDk3X2kiOnsic2luZ2xlX2xpbmsiOiJ1cmw6JTIzZ3JhZmljb3x0aXRsZTpEaXNlbmlvIn0sIjEwMzQ5OV9pIjp7InNpbmdsZV9saW5rIjoidXJsOiUyM2F1ZGlvdmlzdWFsfHRpdGxlOkRpc2VuaW8ifSwiMTAzNTAxX2kiOnsic2luZ2xlX2xpbmsiOiJ1cmw6JTIzcGFja2FnaW5nfHRpdGxlOkRpc2VuaW8ifSwiMTgzNTE5X2kiOnsic2luZ2xlX2xpbmsiOiJ1cmw6JTJGY2ElMkZkaXNzZW55JTJGJTIzSW1hZ2VuLWNvcnBvcmF0aXZhIn0sIjE4MzUxOF9pIjp7InNpbmdsZV9saW5rIjoidXJsOiUyRmNhJTJGZGlzc2VueSUyRiUyM2dyYWZpYyJ9LCIxODM1MTdfaSI6eyJzaW5nbGVfbGluayI6InVybDolMkZjYSUyRmRpc3NlbnklMkYlMjNhdWRpb3Zpc3VhbCJ9LCIxODM1MTZfaSI6eyJzaW5nbGVfbGluayI6InVybDolMkZjYSUyRmRpc3NlbnklMkYlMjNwYWNrYWdpbmcifX0=&#8221;][vc_empty_space empty_h=&#8221;4&#8243;][\/vc_column][\/vc_row][vc_row unlock_row_content=&#8221;yes&#8221; row_height_percent=&#8221;0&#8243; override_padding=&#8221;yes&#8221; h_padding=&#8221;7&#8243; top_padding=&#8221;4&#8243; bottom_padding=&#8221;4&#8243; back_color=&#8221;color-lxmt&#8221; overlay_alpha=&#8221;50&#8243; gutter_size=&#8221;4&#8243; column_width_percent=&#8221;100&#8243; shift_y=&#8221;0&#8243; z_index=&#8221;0&#8243; inverted_device_order=&#8221;yes&#8221; changer_back_color=&#8221;yes&#8221; content_parallax=&#8221;0&#8243; uncode_shortcode_id=&#8221;204879&#8243; back_color_type=&#8221;uncode-palette&#8221; row_name=&#8221;Imagen-corporativa&#8221;][vc_column column_width_percent=&#8221;100&#8243; position_vertical=&#8221;middle&#8221; gutter_size=&#8221;2&#8243; overlay_alpha=&#8221;50&#8243; shift_x=&#8221;0&#8243; shift_y=&#8221;0&#8243; shift_y_down=&#8221;0&#8243; z_index=&#8221;10&#8243; medium_width=&#8221;0&#8243; mobile_width=&#8221;0&#8243; width=&#8221;1\/2&#8243; uncode_shortcode_id=&#8221;531274&#8243;][vc_custom_heading heading_semantic=&#8221;h3&#8243; text_size=&#8221;h1&#8243; text_weight=&#8221;500&#8243; uncode_shortcode_id=&#8221;678835&#8243;]Branding \/ Imatge corporativa[\/vc_custom_heading][vc_column_text text_lead=&#8221;yes&#8221; uncode_shortcode_id=&#8221;198139&#8243;]Ajudem a crear marques originals, imaginatives i creatives que representin el projecte del client. Col\u00b7laborem activament per definir la visi\u00f3 del projecte, amb un criteri universal i global, orientat a llarg termini i a aconseguir resultats tangibles.<br \/>\nApliquem el m\u00e8tode Grupoom, basat en la innovaci\u00f3 i creativitat imaginativa en cada fase del proc\u00e9s de disseny de marca.[\/vc_column_text][vc_empty_space empty_h=&#8221;1&#8243;][\/vc_column][vc_column column_width_percent=&#8221;65&#8243; position_vertical=&#8221;middle&#8221; gutter_size=&#8221;3&#8243; overlay_alpha=&#8221;50&#8243; shift_x=&#8221;0&#8243; shift_y=&#8221;0&#8243; shift_y_down=&#8221;0&#8243; z_index=&#8221;0&#8243; medium_width=&#8221;0&#8243; mobile_width=&#8221;0&#8243; width=&#8221;1\/2&#8243; uncode_shortcode_id=&#8221;291285&#8243;][uncode_index el_id=&#8221;index-3343&#8243; index_type=&#8221;carousel&#8221; loop=&#8221;size:10|order_by:date|post_type:portfolio|tax_query:130|taxonomy_count:10&#8243; carousel_lg=&#8221;1&#8243; carousel_md=&#8221;1&#8243; carousel_sm=&#8221;1&#8243; gutter_size=&#8221;3&#8243; portfolio_items=&#8221;title,media|featured|onpost|original,link|default|default_size|Ver Proyecto&#8221; carousel_interval=&#8221;3000&#8243; carousel_navspeed=&#8221;400&#8243; carousel_loop=&#8221;yes&#8221; carousel_dots=&#8221;yes&#8221; carousel_dots_mobile=&#8221;yes&#8221; carousel_dots_inside=&#8221;yes&#8221; carousel_dot_width=&#8221;limit&#8221; carousel_dot_padding=&#8221;2&#8243; stage_padding=&#8221;0&#8243; single_shape=&#8221;round&#8221; radius=&#8221;std&#8221; single_overlay_opacity=&#8221;1&#8243; single_padding=&#8221;2&#8243; single_border=&#8221;yes&#8221; no_double_tap=&#8221;yes&#8221; uncode_shortcode_id=&#8221;121925&#8243;][\/vc_column][\/vc_row][vc_row unlock_row_content=&#8221;yes&#8221; row_height_percent=&#8221;0&#8243; override_padding=&#8221;yes&#8221; h_padding=&#8221;7&#8243; top_padding=&#8221;5&#8243; bottom_padding=&#8221;5&#8243; back_color=&#8221;color-xsdn&#8221; overlay_alpha=&#8221;50&#8243; gutter_size=&#8221;4&#8243; column_width_percent=&#8221;100&#8243; shift_y=&#8221;0&#8243; z_index=&#8221;0&#8243; changer_back_color=&#8221;yes&#8221; content_parallax=&#8221;0&#8243; uncode_shortcode_id=&#8221;179585&#8243; back_color_type=&#8221;uncode-palette&#8221; row_name=&#8221;grafic&#8221;][vc_column column_width_percent=&#8221;100&#8243; position_vertical=&#8221;middle&#8221; gutter_size=&#8221;2&#8243; font_family=&#8221;font-136269&#8243; overlay_alpha=&#8221;50&#8243; shift_x=&#8221;0&#8243; shift_y=&#8221;0&#8243; shift_y_down=&#8221;0&#8243; z_index=&#8221;0&#8243; medium_width=&#8221;0&#8243; mobile_width=&#8221;0&#8243; width=&#8221;1\/2&#8243; uncode_shortcode_id=&#8221;199904&#8243;][vc_custom_heading heading_semantic=&#8221;h3&#8243; text_size=&#8221;h1&#8243; text_weight=&#8221;500&#8243; uncode_shortcode_id=&#8221;192588&#8243;]Disseny gr\u00e0fic \/ Editorial[\/vc_custom_heading][vc_column_text text_lead=&#8221;yes&#8221; uncode_shortcode_id=&#8221;807252&#8243;]El nostre proc\u00e9s \u00e9s comunicar gr\u00e0ficament idees, fets i valors processats en termes de forma per traslladar a la societat els valors socials, culturals, econ\u00f2mics, est\u00e8tics i tecnol\u00f2gics de cada projecte.<br \/>\nConstru\u00efm la imatge del vostre negoci amb instruments de disseny gr\u00e0fic visual, aportant valor a la vostra empresa per poder promocionar la vostra marca, productes i serveis.<br \/>\nDissenyem, compondrem, maquetarem qualsevol tipus de publicaci\u00f3 en qualsevol format f\u00edsic i digital.<br \/>\nL&#8217;objectiu de tot disseny \u00e9s comunicar i aix\u00f2 \u00e9s el que fem a Grupoom.<br \/>\n[\/vc_column_text][vc_empty_space empty_h=&#8221;1&#8243;][\/vc_column][vc_column column_width_percent=&#8221;65&#8243; position_vertical=&#8221;middle&#8221; gutter_size=&#8221;3&#8243; overlay_alpha=&#8221;50&#8243; shift_x=&#8221;0&#8243; shift_y=&#8221;0&#8243; shift_y_down=&#8221;0&#8243; z_index=&#8221;0&#8243; medium_width=&#8221;0&#8243; mobile_width=&#8221;0&#8243; width=&#8221;1\/2&#8243; uncode_shortcode_id=&#8221;201544&#8243;][uncode_index el_id=&#8221;index-3349&#8243; index_type=&#8221;carousel&#8221; loop=&#8221;size:10|order_by:date|post_type:portfolio|tax_query:131|taxonomy_count:10&#8243; carousel_lg=&#8221;1&#8243; carousel_md=&#8221;1&#8243; carousel_sm=&#8221;1&#8243; gutter_size=&#8221;3&#8243; portfolio_items=&#8221;title,media|featured|onpost|original,link|default|default_size|Ver Proyecto&#8221; carousel_interval=&#8221;3000&#8243; carousel_navspeed=&#8221;400&#8243; carousel_loop=&#8221;yes&#8221; carousel_dots=&#8221;yes&#8221; carousel_dots_mobile=&#8221;yes&#8221; carousel_dots_inside=&#8221;yes&#8221; carousel_dot_width=&#8221;limit&#8221; carousel_dot_padding=&#8221;2&#8243; stage_padding=&#8221;0&#8243; single_shape=&#8221;round&#8221; radius=&#8221;std&#8221; single_overlay_opacity=&#8221;1&#8243; single_padding=&#8221;2&#8243; single_border=&#8221;yes&#8221; no_double_tap=&#8221;yes&#8221; uncode_shortcode_id=&#8221;623291&#8243;][\/vc_column][\/vc_row][vc_row unlock_row_content=&#8221;yes&#8221; row_height_percent=&#8221;0&#8243; override_padding=&#8221;yes&#8221; h_padding=&#8221;7&#8243; top_padding=&#8221;5&#8243; bottom_padding=&#8221;5&#8243; back_color=&#8221;color-lxmt&#8221; overlay_alpha=&#8221;50&#8243; gutter_size=&#8221;4&#8243; column_width_percent=&#8221;100&#8243; shift_y=&#8221;0&#8243; z_index=&#8221;0&#8243; inverted_device_order=&#8221;yes&#8221; changer_back_color=&#8221;yes&#8221; content_parallax=&#8221;0&#8243; uncode_shortcode_id=&#8221;676232&#8243; back_color_type=&#8221;uncode-palette&#8221; row_name=&#8221;audiovisual&#8221;][vc_column column_width_percent=&#8221;100&#8243; position_vertical=&#8221;middle&#8221; gutter_size=&#8221;2&#8243; font_family=&#8221;font-136269&#8243; overlay_alpha=&#8221;50&#8243; shift_x=&#8221;0&#8243; shift_y=&#8221;0&#8243; shift_y_down=&#8221;0&#8243; z_index=&#8221;0&#8243; medium_width=&#8221;0&#8243; mobile_width=&#8221;0&#8243; width=&#8221;1\/2&#8243; uncode_shortcode_id=&#8221;107105&#8243;][vc_custom_heading heading_semantic=&#8221;h3&#8243; text_size=&#8221;h1&#8243; text_weight=&#8221;500&#8243; uncode_shortcode_id=&#8221;766510&#8243;]Material Audiovisual[\/vc_custom_heading][vc_column_text text_lead=&#8221;yes&#8221; uncode_shortcode_id=&#8221;282768&#8243;]El nostre equip disposa de la creativitat necess\u00e0ria per generar continguts de valor afegit per al vostre projecte, companyia o marca. Per a la seva utilitzaci\u00f3 tant en xarxes socials, web, televisi\u00f3, com qualsevol mitj\u00e0.<br \/>\nSabem combinar elements gr\u00e0fics per desenvolupar la imatge de marca utilitzant v\u00eddeo i animacions gr\u00e0fiques i il\u00b7lustracions per a qualsevol tipus d&#8217;\u00fas com presentacions de producte a trav\u00e9s d&#8217;aplicacions i\/o p\u00e0gines web, xarxes socials, revistes digitals o qualsevol plataforma que ajudi a millorar la imatge de la vostra marca.[\/vc_column_text][vc_empty_space empty_h=&#8221;1&#8243;][\/vc_column][vc_column column_width_percent=&#8221;65&#8243; gutter_size=&#8221;3&#8243; overlay_alpha=&#8221;50&#8243; shift_x=&#8221;0&#8243; shift_y=&#8221;0&#8243; shift_y_down=&#8221;0&#8243; z_index=&#8221;0&#8243; medium_width=&#8221;0&#8243; mobile_width=&#8221;0&#8243; width=&#8221;1\/2&#8243; uncode_shortcode_id=&#8221;394091&#8243;][uncode_index el_id=&#8221;index-3350&#8243; index_type=&#8221;carousel&#8221; loop=&#8221;size:10|order_by:date|post_type:portfolio|tax_query:132|taxonomy_count:10&#8243; carousel_lg=&#8221;1&#8243; carousel_md=&#8221;1&#8243; carousel_sm=&#8221;1&#8243; thumb_size=&#8221;one-one&#8221; gutter_size=&#8221;3&#8243; portfolio_items=&#8221;title,media|featured|onpost|original,link|default|default_size|Ver Proyecto&#8221; carousel_interval=&#8221;3000&#8243; carousel_navspeed=&#8221;400&#8243; carousel_loop=&#8221;yes&#8221; carousel_dots=&#8221;yes&#8221; carousel_dots_mobile=&#8221;yes&#8221; carousel_dots_inside=&#8221;yes&#8221; carousel_dot_width=&#8221;limit&#8221; carousel_dot_padding=&#8221;2&#8243; stage_padding=&#8221;0&#8243; single_shape=&#8221;round&#8221; radius=&#8221;std&#8221; single_overlay_opacity=&#8221;1&#8243; single_padding=&#8221;2&#8243; single_border=&#8221;yes&#8221; no_double_tap=&#8221;yes&#8221; uncode_shortcode_id=&#8221;133514&#8243;][\/vc_column][\/vc_row][vc_row unlock_row_content=&#8221;yes&#8221; row_height_percent=&#8221;0&#8243; override_padding=&#8221;yes&#8221; h_padding=&#8221;7&#8243; top_padding=&#8221;5&#8243; bottom_padding=&#8221;5&#8243; overlay_alpha=&#8221;50&#8243; gutter_size=&#8221;4&#8243; column_width_percent=&#8221;100&#8243; shift_y=&#8221;0&#8243; z_index=&#8221;0&#8243; content_parallax=&#8221;0&#8243; uncode_shortcode_id=&#8221;150880&#8243; row_name=&#8221;packaging&#8221;][vc_column column_width_percent=&#8221;100&#8243; position_vertical=&#8221;middle&#8221; gutter_size=&#8221;2&#8243; font_family=&#8221;font-136269&#8243; overlay_alpha=&#8221;50&#8243; shift_x=&#8221;0&#8243; shift_y=&#8221;0&#8243; shift_y_down=&#8221;0&#8243; z_index=&#8221;0&#8243; medium_width=&#8221;0&#8243; mobile_width=&#8221;0&#8243; width=&#8221;1\/2&#8243; uncode_shortcode_id=&#8221;199904&#8243;][vc_custom_heading heading_semantic=&#8221;h3&#8243; text_size=&#8221;h1&#8243; text_weight=&#8221;500&#8243; uncode_shortcode_id=&#8221;187513&#8243;]Disseny de packaging[\/vc_custom_heading][vc_column_text text_lead=&#8221;yes&#8221; uncode_shortcode_id=&#8221;726771&#8243;]Amb el disseny de packaging podem mostrar la personalitat, filosofia i valors d&#8217;un producte. \u00c9s un actiu estrat\u00e8gic per al valor que el producte trasllada a la societat.<br \/>\nEl nostre treball creatiu \u00e9s destacar sobre la compet\u00e8ncia, aportant un valor diferencial amb elements tangibles i intangibles que no deixin indiferent el consumidor davant del producte.[\/vc_column_text][vc_empty_space empty_h=&#8221;1&#8243;][\/vc_column][vc_column column_width_percent=&#8221;65&#8243; gutter_size=&#8221;3&#8243; overlay_alpha=&#8221;50&#8243; shift_x=&#8221;0&#8243; shift_y=&#8221;0&#8243; shift_y_down=&#8221;0&#8243; z_index=&#8221;0&#8243; medium_width=&#8221;0&#8243; mobile_width=&#8221;0&#8243; width=&#8221;1\/2&#8243; uncode_shortcode_id=&#8221;441674&#8243;][uncode_index el_id=&#8221;index-3351&#8243; index_type=&#8221;carousel&#8221; loop=&#8221;size:10|order_by:date|post_type:portfolio|tax_query:111|taxonomy_count:10&#8243; carousel_lg=&#8221;1&#8243; carousel_md=&#8221;1&#8243; carousel_sm=&#8221;1&#8243; gutter_size=&#8221;3&#8243; portfolio_items=&#8221;title,media|featured|onpost|original,link|default|default_size|Ver Proyecto&#8221; carousel_interval=&#8221;3000&#8243; carousel_navspeed=&#8221;400&#8243; carousel_loop=&#8221;yes&#8221; carousel_dots=&#8221;yes&#8221; carousel_dots_mobile=&#8221;yes&#8221; carousel_dots_inside=&#8221;yes&#8221; carousel_dot_width=&#8221;limit&#8221; carousel_dot_padding=&#8221;2&#8243; stage_padding=&#8221;0&#8243; single_shape=&#8221;round&#8221; radius=&#8221;std&#8221; single_overlay_opacity=&#8221;1&#8243; single_padding=&#8221;2&#8243; single_border=&#8221;yes&#8221; no_double_tap=&#8221;yes&#8221; uncode_shortcode_id=&#8221;279623&#8243;][\/vc_column][\/vc_row][vc_row row_height_percent=&#8221;0&#8243; override_padding=&#8221;yes&#8221; h_padding=&#8221;2&#8243; top_padding=&#8221;5&#8243; bottom_padding=&#8221;5&#8243; back_color=&#8221;color-xsdn&#8221; overlay_alpha=&#8221;45&#8243; gutter_size=&#8221;3&#8243; column_width_percent=&#8221;100&#8243; shift_y=&#8221;0&#8243; z_index=&#8221;0&#8243; top_divider=&#8221;gradient&#8221; bottom_divider=&#8221;gradient&#8221; changer_back_color=&#8221;yes&#8221; uncode_shortcode_id=&#8221;146873&#8243; back_color_type=&#8221;uncode-palette&#8221;][vc_column column_width_percent=&#8221;100&#8243; align_horizontal=&#8221;align_center&#8221; gutter_size=&#8221;4&#8243; style=&#8221;light&#8221; overlay_alpha=&#8221;50&#8243; shift_x=&#8221;0&#8243; shift_y=&#8221;0&#8243; shift_y_down=&#8221;0&#8243; z_index=&#8221;0&#8243; medium_width=&#8221;0&#8243; mobile_width=&#8221;0&#8243; width=&#8221;1\/1&#8243; uncode_shortcode_id=&#8221;423575&#8243;][vc_custom_heading text_weight=&#8221;500&#8243; uncode_shortcode_id=&#8221;449605&#8243; subheading=&#8221;Junts dissenyarem la millor soluci\u00f3&#8221;]Teniu algun projecte en ment?[\/vc_custom_heading][vc_empty_space empty_h=&#8221;1&#8243;][vc_button outline=&#8221;yes&#8221; text_skin=&#8221;yes&#8221; custom_typo=&#8221;yes&#8221; font_family=&#8221;font-555555&#8243; font_weight=&#8221;500&#8243; border_width=&#8221;0&#8243; link=&#8221;url:https%3A%2F%2Fgrupoom.es%2Fca%2Fcontacte%2F|title:Contacte|target:_blank|&#8221; uncode_shortcode_id=&#8221;114687&#8243;]Contacte[\/vc_button][\/vc_column][\/vc_row]<\/p>\n<\/div>","protected":false},"excerpt":{"rendered":"<p>[vc_row unlock_row_content=&#8221;yes&#8221; row_height_percent=&#8221;85&#8243; override_padding=&#8221;yes&#8221; h_padding=&#8221;4&#8243; top_padding=&#8221;5&#8243; bottom_padding=&#8221;5&#8243; back_image=&#8221;105702&#8243; overlay_color=&#8221;color-jevc&#8221; overlay_alpha=&#8221;8&#8243; gutter_size=&#8221;3&#8243; column_width_percent=&#8221;100&#8243; shift_y=&#8221;0&#8243; z_index=&#8221;0&#8243; enable_bottom_divider=&#8221;default&#8221; bottom_divider=&#8221;ray-opacity&#8221; shape_bottom_h_use_pixel=&#8221;&#8221; shape_bottom_height=&#8221;50&#8243; shape_bottom_color=&#8221;color-lxmt&#8221; shape_bottom_opacity=&#8221;100&#8243; [&hellip;]<\/p>\n","protected":false},"author":1,"featured_media":0,"parent":0,"menu_order":0,"comment_status":"closed","ping_status":"closed","template":"","meta":{"footnotes":""},"class_list":["post-182969","page","type-page","status-publish","hentry"],"yoast_head":"<!-- This site is optimized with the Yoast SEO plugin v27.2 - https:\/\/yoast.com\/product\/yoast-seo-wordpress\/ -->\n<title>Disseny - Grupo On Market<\/title>\n<meta name=\"description\" content=\"Branding \/ Imatge corporativa, Gr\u00e0fic \/ Editorial, Audiovisual, Packaging\" \/>\n<meta name=\"robots\" content=\"index, follow, max-snippet:-1, max-image-preview:large, max-video-preview:-1\" \/>\n<link rel=\"canonical\" href=\"https:\/\/grupoom.es\/ca\/disseny\/\" \/>\n<meta property=\"og:locale\" content=\"ca_ES\" \/>\n<meta property=\"og:type\" content=\"article\" \/>\n<meta property=\"og:title\" content=\"Disseny - Grupo On Market\" \/>\n<meta property=\"og:description\" content=\"Branding \/ Imatge corporativa, Gr\u00e0fic \/ Editorial, Audiovisual, Packaging\" \/>\n<meta property=\"og:url\" content=\"https:\/\/grupoom.es\/ca\/disseny\/\" \/>\n<meta property=\"og:site_name\" content=\"Grupo On Market\" \/>\n<meta property=\"article:modified_time\" content=\"2026-03-25T15:30:28+00:00\" \/>\n<meta name=\"twitter:card\" content=\"summary_large_image\" \/>\n<meta name=\"twitter:label1\" content=\"Temps estimat de lectura\" \/>\n\t<meta name=\"twitter:data1\" content=\"4 minuts\" \/>\n<script type=\"application\/ld+json\" class=\"yoast-schema-graph\">{\"@context\":\"https:\/\/schema.org\",\"@graph\":[{\"@type\":\"WebPage\",\"@id\":\"https:\/\/grupoom.es\/ca\/disseny\/\",\"url\":\"https:\/\/grupoom.es\/ca\/disseny\/\",\"name\":\"Disseny - Grupo On Market\",\"isPartOf\":{\"@id\":\"https:\/\/grupoom.es\/ca\/#website\"},\"datePublished\":\"2021-12-15T15:28:14+00:00\",\"dateModified\":\"2026-03-25T15:30:28+00:00\",\"description\":\"Branding \/ Imatge corporativa, Gr\u00e0fic \/ Editorial, Audiovisual, Packaging\",\"breadcrumb\":{\"@id\":\"https:\/\/grupoom.es\/ca\/disseny\/#breadcrumb\"},\"inLanguage\":\"ca\",\"potentialAction\":[{\"@type\":\"ReadAction\",\"target\":[\"https:\/\/grupoom.es\/ca\/disseny\/\"]}]},{\"@type\":\"BreadcrumbList\",\"@id\":\"https:\/\/grupoom.es\/ca\/disseny\/#breadcrumb\",\"itemListElement\":[{\"@type\":\"ListItem\",\"position\":1,\"name\":\"Portada\",\"item\":\"https:\/\/grupoom.es\/ca\/agencia-de-publicitat-i-marqueting-online-a-castello\/\"},{\"@type\":\"ListItem\",\"position\":2,\"name\":\"Disseny\"}]},{\"@type\":\"WebSite\",\"@id\":\"https:\/\/grupoom.es\/ca\/#website\",\"url\":\"https:\/\/grupoom.es\/ca\/\",\"name\":\"Grupo On Market\",\"description\":\"Agencia de Publicidad y Marketing Online en Castell\u00f3n\",\"potentialAction\":[{\"@type\":\"SearchAction\",\"target\":{\"@type\":\"EntryPoint\",\"urlTemplate\":\"https:\/\/grupoom.es\/ca\/?s={search_term_string}\"},\"query-input\":{\"@type\":\"PropertyValueSpecification\",\"valueRequired\":true,\"valueName\":\"search_term_string\"}}],\"inLanguage\":\"ca\"}]}<\/script>\n<!-- \/ Yoast SEO plugin. -->","yoast_head_json":{"title":"Disseny - Grupo On Market","description":"Branding \/ Imatge corporativa, Gr\u00e0fic \/ Editorial, Audiovisual, Packaging","robots":{"index":"index","follow":"follow","max-snippet":"max-snippet:-1","max-image-preview":"max-image-preview:large","max-video-preview":"max-video-preview:-1"},"canonical":"https:\/\/grupoom.es\/ca\/disseny\/","og_locale":"ca_ES","og_type":"article","og_title":"Disseny - Grupo On Market","og_description":"Branding \/ Imatge corporativa, Gr\u00e0fic \/ Editorial, Audiovisual, Packaging","og_url":"https:\/\/grupoom.es\/ca\/disseny\/","og_site_name":"Grupo On Market","article_modified_time":"2026-03-25T15:30:28+00:00","twitter_card":"summary_large_image","twitter_misc":{"Temps estimat de lectura":"4 minuts"},"schema":{"@context":"https:\/\/schema.org","@graph":[{"@type":"WebPage","@id":"https:\/\/grupoom.es\/ca\/disseny\/","url":"https:\/\/grupoom.es\/ca\/disseny\/","name":"Disseny - Grupo On Market","isPartOf":{"@id":"https:\/\/grupoom.es\/ca\/#website"},"datePublished":"2021-12-15T15:28:14+00:00","dateModified":"2026-03-25T15:30:28+00:00","description":"Branding \/ Imatge corporativa, Gr\u00e0fic \/ Editorial, Audiovisual, Packaging","breadcrumb":{"@id":"https:\/\/grupoom.es\/ca\/disseny\/#breadcrumb"},"inLanguage":"ca","potentialAction":[{"@type":"ReadAction","target":["https:\/\/grupoom.es\/ca\/disseny\/"]}]},{"@type":"BreadcrumbList","@id":"https:\/\/grupoom.es\/ca\/disseny\/#breadcrumb","itemListElement":[{"@type":"ListItem","position":1,"name":"Portada","item":"https:\/\/grupoom.es\/ca\/agencia-de-publicitat-i-marqueting-online-a-castello\/"},{"@type":"ListItem","position":2,"name":"Disseny"}]},{"@type":"WebSite","@id":"https:\/\/grupoom.es\/ca\/#website","url":"https:\/\/grupoom.es\/ca\/","name":"Grupo On Market","description":"Agencia de Publicidad y Marketing Online en Castell\u00f3n","potentialAction":[{"@type":"SearchAction","target":{"@type":"EntryPoint","urlTemplate":"https:\/\/grupoom.es\/ca\/?s={search_term_string}"},"query-input":{"@type":"PropertyValueSpecification","valueRequired":true,"valueName":"search_term_string"}}],"inLanguage":"ca"}]}},"_links":{"self":[{"href":"https:\/\/grupoom.es\/ca\/wp-json\/wp\/v2\/pages\/182969","targetHints":{"allow":["GET"]}}],"collection":[{"href":"https:\/\/grupoom.es\/ca\/wp-json\/wp\/v2\/pages"}],"about":[{"href":"https:\/\/grupoom.es\/ca\/wp-json\/wp\/v2\/types\/page"}],"author":[{"embeddable":true,"href":"https:\/\/grupoom.es\/ca\/wp-json\/wp\/v2\/users\/1"}],"replies":[{"embeddable":true,"href":"https:\/\/grupoom.es\/ca\/wp-json\/wp\/v2\/comments?post=182969"}],"version-history":[{"count":32,"href":"https:\/\/grupoom.es\/ca\/wp-json\/wp\/v2\/pages\/182969\/revisions"}],"predecessor-version":[{"id":183672,"href":"https:\/\/grupoom.es\/ca\/wp-json\/wp\/v2\/pages\/182969\/revisions\/183672"}],"wp:attachment":[{"href":"https:\/\/grupoom.es\/ca\/wp-json\/wp\/v2\/media?parent=182969"}],"curies":[{"name":"wp","href":"https:\/\/api.w.org\/{rel}","templated":true}]}}