{"id":182980,"date":"2021-12-23T17:03:56","date_gmt":"2021-12-23T16:03:56","guid":{"rendered":"https:\/\/grupoom.es\/consultoria\/"},"modified":"2026-03-25T16:26:56","modified_gmt":"2026-03-25T15:26:56","slug":"consultoria","status":"publish","type":"page","link":"https:\/\/grupoom.es\/ca\/consultoria\/","title":{"rendered":"Consultoria"},"content":{"rendered":"<div class=\"wpb-content-wrapper\"><p>[vc_row unlock_row_content=&#8221;yes&#8221; row_height_percent=&#8221;85&#8243; override_padding=&#8221;yes&#8221; h_padding=&#8221;4&#8243; top_padding=&#8221;5&#8243; bottom_padding=&#8221;5&#8243; back_image=&#8221;105664&#8243; back_position=&#8221;center center&#8221; overlay_color=&#8221;color-prif&#8221; overlay_alpha=&#8221;50&#8243; gutter_size=&#8221;3&#8243; column_width_percent=&#8221;100&#8243; shift_y=&#8221;0&#8243; z_index=&#8221;0&#8243; enable_bottom_divider=&#8221;default&#8221; bottom_divider=&#8221;ray-opacity&#8221; shape_bottom_h_use_pixel=&#8221;&#8221; shape_bottom_height=&#8221;50&#8243; shape_bottom_color=&#8221;color-lxmt&#8221; shape_bottom_opacity=&#8221;100&#8243; shape_bottom_index=&#8221;0&#8243; uncode_shortcode_id=&#8221;160878&#8243; shape_bottom_color_type=&#8221;uncode-palette&#8221; overlay_color_type=&#8221;uncode-palette&#8221;][vc_column column_width_percent=&#8221;100&#8243; position_vertical=&#8221;middle&#8221; align_horizontal=&#8221;align_center&#8221; gutter_size=&#8221;3&#8243; style=&#8221;dark&#8221; overlay_alpha=&#8221;50&#8243; shift_x=&#8221;0&#8243; shift_y=&#8221;0&#8243; shift_y_down=&#8221;0&#8243; z_index=&#8221;0&#8243; medium_width=&#8221;0&#8243; mobile_width=&#8221;0&#8243; width=&#8221;1\/1&#8243; uncode_shortcode_id=&#8221;863147&#8243;][vc_empty_space empty_h=&#8221;4&#8243;][uncode_index el_id=&#8221;index-209731&#8243; index_type=&#8221;titles&#8221; loop=&#8221;size:10|order_by:date|post_type:post|categories:385|taxonomy_count:10&#8243; titles_display=&#8221;inline&#8221; gutter_size=&#8221;3&#8243; drop_image_separator=&#8221;slash&#8221; drop_image_position=&#8221;hide&#8221; drop_image_time=&#8221;250&#8243; drop_image_hover=&#8221;accent&#8221; drop_image_extra=&#8221;yes&#8221; drop_image_extra_weight=&#8221;normal&#8221; single_style=&#8221;dark&#8221; single_title_semantic=&#8221;h1&#8243; single_title_dimension=&#8221;fontsize-767262&#8243; single_title_weight=&#8221;400&#8243; custom_order=&#8221;yes&#8221; no_double_tap=&#8221;yes&#8221; titles_display_mobile=&#8221;yes&#8221; titles_gap_reduced_mobile=&#8221;yes&#8221; titles_hide_meta_mobile=&#8221;yes&#8221; titles_hide_separator_mobile=&#8221;yes&#8221; uncode_shortcode_id=&#8221;332311&#8243; order_ids=&#8221;103562,103564,103566,103568&#8243; items=&#8221;eyIxMDMzOTdfaSI6eyJzaW5nbGVfbGluayI6InVybDolMjN3ZWIifSwiMTAzMzk5X2kiOnsic2luZ2xlX2xpbmsiOiJ1cmw6JTIzd2ViYXBwIn0sIjEwMzQwMV9pIjp7InNpbmdsZV9saW5rIjoidXJsOiUyM3Nob3BvbmxpbmUifSwiMTAzNTg5X2kiOnsic2luZ2xlX2xpbmsiOiJ1cmw6JTIzbWFya2V0aW5nLWRpZ2l0YWwifSwiMTAzNTg3X2kiOnsic2luZ2xlX2xpbmsiOiJ1cmw6JTIzY29tdW5pY2FjaW9uLWNvcnBvcmF0aXZhIn0sIjEwMzU4NV9pIjp7InNpbmdsZV9saW5rIjoidXJsOiUyM2F1ZGl0b3JpYS1kaWdpdGFsIn0sIjEwMzU4M19pIjp7InNpbmdsZV9saW5rIjoidXJsOiUyM2N1cnNvcy1mb3JtYWNpb24ifSwiMTgzNTY5X2kiOnsic2luZ2xlX2xpbmsiOiJ1cmw6JTJGY2ElMkZjb25zdWx0b3JpYSUyRiUyM21hcmtldGluZy1kaWdpdGFsIn0sIjE4MzU3MF9pIjp7InNpbmdsZV9saW5rIjoidXJsOiUyRmNhJTJGY29uc3VsdG9yaWElMkYlMjNjb211bmljYWNpb24tY29ycG9yYXRpdmEifSwiMTgzNTcxX2kiOnsic2luZ2xlX2xpbmsiOiJ1cmw6JTJGY2ElMkZjb25zdWx0b3JpYSUyRiUyM2F1ZGl0b3JpYS1kaWdpdGFsIn0sIjE4MzU3Ml9pIjp7InNpbmdsZV9saW5rIjoidXJsOiUyRmNhJTJGY29uc3VsdG9yaWElMkYlMjNjdXJzb3MtZm9ybWFjaW9uIn19&#8243;][vc_empty_space empty_h=&#8221;4&#8243;][\/vc_column][\/vc_row][vc_row unlock_row_content=&#8221;yes&#8221; row_height_percent=&#8221;0&#8243; override_padding=&#8221;yes&#8221; h_padding=&#8221;7&#8243; top_padding=&#8221;4&#8243; bottom_padding=&#8221;4&#8243; back_color=&#8221;color-lxmt&#8221; overlay_alpha=&#8221;50&#8243; gutter_size=&#8221;4&#8243; column_width_percent=&#8221;100&#8243; shift_y=&#8221;0&#8243; z_index=&#8221;0&#8243; changer_back_color=&#8221;yes&#8221; uncode_shortcode_id=&#8221;429365&#8243; back_color_type=&#8221;uncode-palette&#8221; row_name=&#8221;marketing-digital&#8221;][vc_column column_width_percent=&#8221;100&#8243; position_vertical=&#8221;middle&#8221; gutter_size=&#8221;2&#8243; overlay_alpha=&#8221;50&#8243; shift_x=&#8221;0&#8243; shift_y=&#8221;0&#8243; shift_y_down=&#8221;0&#8243; z_index=&#8221;10&#8243; medium_width=&#8221;0&#8243; mobile_width=&#8221;0&#8243; width=&#8221;1\/2&#8243; uncode_shortcode_id=&#8221;531274&#8243;][vc_custom_heading heading_semantic=&#8221;h3&#8243; text_size=&#8221;h1&#8243; text_weight=&#8221;500&#8243; uncode_shortcode_id=&#8221;437396&#8243;]Campanyes de m\u00e0rqueting digital[\/vc_custom_heading][vc_column_text text_lead=&#8221;yes&#8221; uncode_shortcode_id=&#8221;131314&#8243;]A partir de l\u2019an\u00e0lisi previ conjunt amb el client, marquem l\u2019objectiu de cada campanya, definim el p\u00fablic objectiu, el seu abast, el missatge a transmetre i el pla de mitjans en qu\u00e8 integrem diversos instruments de m\u00e0rqueting digital per arribar a l\u2019objectiu marcat, segons el pressupost disponible, establint les fases, les formes de control i els indicadors de cada fase.<br \/>\nEl comprom\u00eds del nostre equip \u00e9s total, unit a l\u2019experi\u00e8ncia, la creativitat, la professionalitat i, sobretot, l\u2019\u00ab\u00e0nima\u00bb perqu\u00e8 les campanyes tinguin personalitat pr\u00f2pia.<br \/>\nGenerem estrat\u00e8gies personalitzades i diferents, adaptades a cada tipologia de client.[\/vc_column_text][vc_empty_space empty_h=&#8221;1&#8243;][\/vc_column][vc_column column_width_percent=&#8221;65&#8243; position_vertical=&#8221;middle&#8221; align_horizontal=&#8221;align_center&#8221; gutter_size=&#8221;3&#8243; overlay_alpha=&#8221;50&#8243; shift_x=&#8221;0&#8243; shift_y=&#8221;0&#8243; shift_y_down=&#8221;0&#8243; z_index=&#8221;0&#8243; medium_width=&#8221;0&#8243; mobile_width=&#8221;0&#8243; width=&#8221;1\/2&#8243; uncode_shortcode_id=&#8221;332842&#8243;][uncode_index el_id=&#8221;index-184599&#8243; index_type=&#8221;carousel&#8221; loop=&#8221;size:10|order_by:date|post_type:portfolio|tax_query:133|taxonomy_count:10&#8243; carousel_lg=&#8221;1&#8243; carousel_md=&#8221;1&#8243; carousel_sm=&#8221;1&#8243; gutter_size=&#8221;3&#8243; portfolio_items=&#8221;title,media|featured|onpost|original,link|default|default_size|Ver Proyecto&#8221; carousel_interval=&#8221;3000&#8243; carousel_navspeed=&#8221;400&#8243; carousel_loop=&#8221;yes&#8221; carousel_dots=&#8221;yes&#8221; carousel_dots_mobile=&#8221;yes&#8221; carousel_dots_inside=&#8221;yes&#8221; carousel_dot_width=&#8221;limit&#8221; carousel_dot_padding=&#8221;2&#8243; stage_padding=&#8221;0&#8243; single_shape=&#8221;round&#8221; radius=&#8221;std&#8221; single_overlay_opacity=&#8221;1&#8243; single_padding=&#8221;2&#8243; single_border=&#8221;yes&#8221; no_double_tap=&#8221;yes&#8221; uncode_shortcode_id=&#8221;196283&#8243;][\/vc_column][\/vc_row][vc_row unlock_row_content=&#8221;yes&#8221; row_height_percent=&#8221;0&#8243; override_padding=&#8221;yes&#8221; h_padding=&#8221;7&#8243; top_padding=&#8221;5&#8243; bottom_padding=&#8221;5&#8243; back_color=&#8221;color-xsdn&#8221; overlay_alpha=&#8221;50&#8243; gutter_size=&#8221;4&#8243; column_width_percent=&#8221;100&#8243; shift_y=&#8221;0&#8243; z_index=&#8221;0&#8243; changer_back_color=&#8221;yes&#8221; uncode_shortcode_id=&#8221;176624&#8243; back_color_type=&#8221;uncode-palette&#8221; row_name=&#8221;comunicacion-corporativa&#8221;][vc_column column_width_percent=&#8221;100&#8243; position_vertical=&#8221;middle&#8221; gutter_size=&#8221;2&#8243; font_family=&#8221;font-136269&#8243; overlay_alpha=&#8221;50&#8243; shift_x=&#8221;0&#8243; shift_y=&#8221;0&#8243; shift_y_down=&#8221;0&#8243; z_index=&#8221;0&#8243; medium_width=&#8221;0&#8243; mobile_width=&#8221;0&#8243; width=&#8221;1\/2&#8243; uncode_shortcode_id=&#8221;199904&#8243;][vc_custom_heading heading_semantic=&#8221;h3&#8243; text_size=&#8221;h1&#8243; text_weight=&#8221;500&#8243; uncode_shortcode_id=&#8221;136509&#8243;]Comunicaci\u00f3 Corporativa[\/vc_custom_heading][vc_column_text text_lead=&#8221;yes&#8221; uncode_shortcode_id=&#8221;793079&#8243;]Cada empresa ha de tenir clar quina informaci\u00f3 ha de traslladar al seu p\u00fablic, com, quan i on dur\u00e0 a terme la comunicaci\u00f3 amb el p\u00fablic al qual es vol adre\u00e7ar.<br \/>\nUn pla de comunicaci\u00f3 corporativa ha d\u2019integrar tant la part interna, per millorar la relaci\u00f3 entre l\u2019empresa i els empleats, com l\u2019externa, per comunicar-se amb els diferents grups d\u2019inter\u00e8s: clients actuals i potencials, accionistes, prove\u00efdors i la societat civil en general, amb l\u2019objectiu de millorar i diferenciar la imatge de marca.<br \/>\nA Grupoom, investiguem, dissenyem, planifiquem, executem i avaluem els plans de comunicaci\u00f3 corporativa, desenvolupant totes les etapes per aconseguir la millor comunicaci\u00f3 amb el p\u00fablic objectiu seleccionat.<br \/>\n[\/vc_column_text][vc_empty_space empty_h=&#8221;1&#8243;][\/vc_column][vc_column column_width_percent=&#8221;65&#8243; position_vertical=&#8221;middle&#8221; gutter_size=&#8221;3&#8243; overlay_alpha=&#8221;50&#8243; shift_x=&#8221;0&#8243; shift_y=&#8221;0&#8243; shift_y_down=&#8221;0&#8243; z_index=&#8221;0&#8243; medium_width=&#8221;0&#8243; mobile_width=&#8221;0&#8243; width=&#8221;1\/2&#8243; uncode_shortcode_id=&#8221;191146&#8243;][uncode_index el_id=&#8221;index-184543&#8243; index_type=&#8221;carousel&#8221; loop=&#8221;size:10|order_by:date|post_type:portfolio|tax_query:134|taxonomy_count:10&#8243; carousel_lg=&#8221;1&#8243; carousel_md=&#8221;1&#8243; carousel_sm=&#8221;1&#8243; gutter_size=&#8221;3&#8243; portfolio_items=&#8221;title,media|featured|onpost|original,link|default|default_size|Ver Proyecto&#8221; carousel_interval=&#8221;3000&#8243; carousel_navspeed=&#8221;400&#8243; carousel_loop=&#8221;yes&#8221; carousel_dots=&#8221;yes&#8221; carousel_dots_mobile=&#8221;yes&#8221; carousel_dots_inside=&#8221;yes&#8221; carousel_dot_width=&#8221;limit&#8221; carousel_dot_padding=&#8221;2&#8243; stage_padding=&#8221;0&#8243; single_shape=&#8221;round&#8221; radius=&#8221;std&#8221; single_overlay_opacity=&#8221;1&#8243; single_padding=&#8221;2&#8243; single_border=&#8221;yes&#8221; no_double_tap=&#8221;yes&#8221; uncode_shortcode_id=&#8221;927563&#8243;][\/vc_column][\/vc_row][vc_row unlock_row_content=&#8221;yes&#8221; row_height_percent=&#8221;0&#8243; override_padding=&#8221;yes&#8221; h_padding=&#8221;7&#8243; top_padding=&#8221;5&#8243; bottom_padding=&#8221;5&#8243; back_color=&#8221;color-lxmt&#8221; overlay_alpha=&#8221;50&#8243; gutter_size=&#8221;4&#8243; column_width_percent=&#8221;100&#8243; shift_y=&#8221;0&#8243; z_index=&#8221;0&#8243; changer_back_color=&#8221;yes&#8221; uncode_shortcode_id=&#8221;390812&#8243; back_color_type=&#8221;uncode-palette&#8221; row_name=&#8221;auditoria-digital&#8221;][vc_column column_width_percent=&#8221;100&#8243; position_vertical=&#8221;middle&#8221; gutter_size=&#8221;2&#8243; font_family=&#8221;font-136269&#8243; overlay_alpha=&#8221;50&#8243; shift_x=&#8221;0&#8243; shift_y=&#8221;0&#8243; shift_y_down=&#8221;0&#8243; z_index=&#8221;0&#8243; medium_width=&#8221;0&#8243; mobile_width=&#8221;0&#8243; width=&#8221;1\/2&#8243; uncode_shortcode_id=&#8221;107105&#8243;][vc_custom_heading heading_semantic=&#8221;h3&#8243; text_size=&#8221;h1&#8243; text_weight=&#8221;500&#8243; uncode_shortcode_id=&#8221;106934&#8243;]Auditoria Digital[\/vc_custom_heading][vc_column_text text_lead=&#8221;yes&#8221; uncode_shortcode_id=&#8221;900673&#8243;]Analitzem i revisem la situaci\u00f3 inicial de cada projecte. Revisem que el vostre lloc web estigui t\u00e8cnicament ben constru\u00eft, aix\u00ed com els est\u00e0ndards SEO que permeten a Google indexar-lo adequadament. Pel que fa a UX, utilitzem mapes de calor per identificar patrons de navegaci\u00f3; revisem el tipus de contingut generat des de les plataformes socials, aix\u00ed com l\u2019audi\u00e8ncia; tamb\u00e9 el resultat de les accions SEM i com incideixen totes les accions en el contingut i la reputaci\u00f3 de la marca.[\/vc_column_text][vc_empty_space empty_h=&#8221;1&#8243;][\/vc_column][vc_column column_width_percent=&#8221;65&#8243; position_vertical=&#8221;middle&#8221; gutter_size=&#8221;3&#8243; overlay_alpha=&#8221;50&#8243; shift_x=&#8221;0&#8243; shift_y=&#8221;0&#8243; shift_y_down=&#8221;0&#8243; z_index=&#8221;0&#8243; medium_width=&#8221;0&#8243; mobile_width=&#8221;0&#8243; width=&#8221;1\/2&#8243; uncode_shortcode_id=&#8221;194895&#8243;][uncode_index el_id=&#8221;index-181199&#8243; index_type=&#8221;carousel&#8221; loop=&#8221;size:10|order_by:date|post_type:portfolio|tax_query:135|taxonomy_count:10&#8243; carousel_lg=&#8221;1&#8243; carousel_md=&#8221;1&#8243; carousel_sm=&#8221;1&#8243; thumb_size=&#8221;one-one&#8221; gutter_size=&#8221;3&#8243; portfolio_items=&#8221;title,media|featured|onpost|original,link|default|default_size|Ver Proyecto&#8221; carousel_interval=&#8221;3000&#8243; carousel_navspeed=&#8221;400&#8243; carousel_loop=&#8221;yes&#8221; carousel_dots=&#8221;yes&#8221; carousel_dots_mobile=&#8221;yes&#8221; carousel_dots_inside=&#8221;yes&#8221; carousel_dot_width=&#8221;limit&#8221; carousel_dot_padding=&#8221;2&#8243; stage_padding=&#8221;0&#8243; single_shape=&#8221;round&#8221; radius=&#8221;std&#8221; single_overlay_opacity=&#8221;1&#8243; single_padding=&#8221;2&#8243; single_border=&#8221;yes&#8221; no_double_tap=&#8221;yes&#8221; uncode_shortcode_id=&#8221;262125&#8243;][\/vc_column][\/vc_row][vc_row unlock_row_content=&#8221;yes&#8221; row_height_percent=&#8221;0&#8243; override_padding=&#8221;yes&#8221; h_padding=&#8221;7&#8243; top_padding=&#8221;5&#8243; bottom_padding=&#8221;5&#8243; overlay_alpha=&#8221;50&#8243; gutter_size=&#8221;4&#8243; column_width_percent=&#8221;100&#8243; shift_y=&#8221;0&#8243; z_index=&#8221;0&#8243; uncode_shortcode_id=&#8221;822194&#8243; row_name=&#8221;cursos-formacion&#8221;][vc_column column_width_percent=&#8221;100&#8243; position_vertical=&#8221;middle&#8221; gutter_size=&#8221;2&#8243; font_family=&#8221;font-136269&#8243; overlay_alpha=&#8221;50&#8243; shift_x=&#8221;0&#8243; shift_y=&#8221;0&#8243; shift_y_down=&#8221;0&#8243; z_index=&#8221;0&#8243; medium_width=&#8221;0&#8243; mobile_width=&#8221;0&#8243; width=&#8221;1\/2&#8243; uncode_shortcode_id=&#8221;199904&#8243;][vc_custom_heading heading_semantic=&#8221;h3&#8243; text_size=&#8221;h1&#8243; text_weight=&#8221;500&#8243; uncode_shortcode_id=&#8221;973656&#8243;]Cursos de Formaci\u00f3[\/vc_custom_heading][vc_column_text text_lead=&#8221;yes&#8221; uncode_shortcode_id=&#8221;877139&#8243;]Som una ag\u00e8ncia especialitzada en formaci\u00f3 perqu\u00e8 les empreses facin un \u00fas correcte d\u2019internet, orientada als objectius de cada empresa o entitat.<br \/>\nOrganitzem cursos sobre gesti\u00f3 de xarxes socials, eCommerce, geolocalitzaci\u00f3, estrat\u00e8gies en l\u00ednia, nocions b\u00e0siques o avan\u00e7ades de m\u00e0rqueting digital per a qualsevol empresa o departaments espec\u00edfics, personalitzats segons les necessitats i caracter\u00edstiques de cada empresa.<br \/>\n[\/vc_column_text][vc_empty_space empty_h=&#8221;1&#8243;][\/vc_column][vc_column column_width_percent=&#8221;65&#8243; gutter_size=&#8221;3&#8243; overlay_alpha=&#8221;50&#8243; shift_x=&#8221;0&#8243; shift_y=&#8221;0&#8243; shift_y_down=&#8221;0&#8243; z_index=&#8221;0&#8243; medium_width=&#8221;0&#8243; mobile_width=&#8221;0&#8243; width=&#8221;1\/2&#8243; uncode_shortcode_id=&#8221;175832&#8243;][uncode_index el_id=&#8221;index-181100&#8243; index_type=&#8221;carousel&#8221; loop=&#8221;size:10|order_by:date|post_type:portfolio|tax_query:136|taxonomy_count:10&#8243; carousel_lg=&#8221;1&#8243; carousel_md=&#8221;1&#8243; carousel_sm=&#8221;1&#8243; thumb_size=&#8221;one-one&#8221; gutter_size=&#8221;3&#8243; portfolio_items=&#8221;title,media|featured|onpost|original,link|default|default_size|Ver Proyecto&#8221; carousel_interval=&#8221;3000&#8243; carousel_navspeed=&#8221;400&#8243; carousel_loop=&#8221;yes&#8221; carousel_dots=&#8221;yes&#8221; carousel_dots_mobile=&#8221;yes&#8221; carousel_dots_inside=&#8221;yes&#8221; carousel_dot_width=&#8221;limit&#8221; carousel_dot_padding=&#8221;2&#8243; stage_padding=&#8221;0&#8243; single_shape=&#8221;round&#8221; radius=&#8221;std&#8221; single_overlay_opacity=&#8221;1&#8243; single_padding=&#8221;2&#8243; single_border=&#8221;yes&#8221; no_double_tap=&#8221;yes&#8221; uncode_shortcode_id=&#8221;601094&#8243;][\/vc_column][\/vc_row][vc_row row_height_percent=&#8221;0&#8243; override_padding=&#8221;yes&#8221; h_padding=&#8221;2&#8243; top_padding=&#8221;5&#8243; bottom_padding=&#8221;5&#8243; back_color=&#8221;color-xsdn&#8221; overlay_alpha=&#8221;45&#8243; gutter_size=&#8221;3&#8243; column_width_percent=&#8221;100&#8243; shift_y=&#8221;0&#8243; z_index=&#8221;0&#8243; top_divider=&#8221;gradient&#8221; bottom_divider=&#8221;gradient&#8221; changer_back_color=&#8221;yes&#8221; uncode_shortcode_id=&#8221;146873&#8243; back_color_type=&#8221;uncode-palette&#8221;][vc_column column_width_percent=&#8221;100&#8243; align_horizontal=&#8221;align_center&#8221; gutter_size=&#8221;4&#8243; style=&#8221;light&#8221; overlay_alpha=&#8221;50&#8243; shift_x=&#8221;0&#8243; shift_y=&#8221;0&#8243; shift_y_down=&#8221;0&#8243; z_index=&#8221;0&#8243; medium_width=&#8221;0&#8243; mobile_width=&#8221;0&#8243; width=&#8221;1\/1&#8243; uncode_shortcode_id=&#8221;423575&#8243;][vc_custom_heading text_weight=&#8221;500&#8243; uncode_shortcode_id=&#8221;449605&#8243; subheading=&#8221;Junts dissenyarem la millor soluci\u00f3&#8221;]Teniu algun projecte en ment?[\/vc_custom_heading][vc_button button_color=&#8221;color-wvjs&#8221; radius=&#8221;btn-round&#8221; outline=&#8221;yes&#8221; text_skin=&#8221;yes&#8221; custom_typo=&#8221;yes&#8221; font_family=&#8221;font-555555&#8243; font_weight=&#8221;500&#8243; border_width=&#8221;0&#8243; link=&#8221;url:https%3A%2F%2Fgrupoom.es%2Fca%2Fcontacte%2F|title:Contacte|target:_blank|&#8221; uncode_shortcode_id=&#8221;157181&#8243; button_color_type=&#8221;uncode-palette&#8221;]Contacte[\/vc_button][\/vc_column][\/vc_row]<\/p>\n<\/div>","protected":false},"excerpt":{"rendered":"<p>[vc_row unlock_row_content=&#8221;yes&#8221; row_height_percent=&#8221;85&#8243; override_padding=&#8221;yes&#8221; h_padding=&#8221;4&#8243; top_padding=&#8221;5&#8243; bottom_padding=&#8221;5&#8243; back_image=&#8221;105664&#8243; back_position=&#8221;center center&#8221; overlay_color=&#8221;color-prif&#8221; overlay_alpha=&#8221;50&#8243; gutter_size=&#8221;3&#8243; column_width_percent=&#8221;100&#8243; shift_y=&#8221;0&#8243; z_index=&#8221;0&#8243; enable_bottom_divider=&#8221;default&#8221; bottom_divider=&#8221;ray-opacity&#8221; shape_bottom_h_use_pixel=&#8221;&#8221; shape_bottom_height=&#8221;50&#8243; [&hellip;]<\/p>\n","protected":false},"author":1,"featured_media":0,"parent":0,"menu_order":0,"comment_status":"closed","ping_status":"closed","template":"","meta":{"footnotes":""},"class_list":["post-182980","page","type-page","status-publish","hentry"],"yoast_head":"<!-- This site is optimized with the Yoast SEO plugin v27.2 - https:\/\/yoast.com\/product\/yoast-seo-wordpress\/ -->\n<title>Consultoria - Grupo On Market<\/title>\n<meta name=\"description\" content=\"M\u00e0rqueting digital, comunicaci\u00f3 corporativa, auditoria digital, cursos de formaci\u00f3\" \/>\n<meta name=\"robots\" content=\"index, follow, max-snippet:-1, max-image-preview:large, max-video-preview:-1\" \/>\n<link rel=\"canonical\" href=\"https:\/\/grupoom.es\/ca\/consultoria\/\" \/>\n<meta property=\"og:locale\" content=\"ca_ES\" \/>\n<meta property=\"og:type\" content=\"article\" \/>\n<meta property=\"og:title\" content=\"Consultoria - Grupo On Market\" \/>\n<meta property=\"og:description\" content=\"M\u00e0rqueting digital, comunicaci\u00f3 corporativa, auditoria digital, cursos de formaci\u00f3\" \/>\n<meta property=\"og:url\" content=\"https:\/\/grupoom.es\/ca\/consultoria\/\" \/>\n<meta property=\"og:site_name\" content=\"Grupo On Market\" \/>\n<meta property=\"article:modified_time\" content=\"2026-03-25T15:26:56+00:00\" \/>\n<meta name=\"twitter:card\" content=\"summary_large_image\" \/>\n<meta name=\"twitter:label1\" content=\"Temps estimat de lectura\" \/>\n\t<meta name=\"twitter:data1\" content=\"4 minuts\" \/>\n<script type=\"application\/ld+json\" class=\"yoast-schema-graph\">{\"@context\":\"https:\/\/schema.org\",\"@graph\":[{\"@type\":\"WebPage\",\"@id\":\"https:\/\/grupoom.es\/ca\/consultoria\/\",\"url\":\"https:\/\/grupoom.es\/ca\/consultoria\/\",\"name\":\"Consultoria - Grupo On Market\",\"isPartOf\":{\"@id\":\"https:\/\/grupoom.es\/ca\/#website\"},\"datePublished\":\"2021-12-23T16:03:56+00:00\",\"dateModified\":\"2026-03-25T15:26:56+00:00\",\"description\":\"M\u00e0rqueting digital, comunicaci\u00f3 corporativa, auditoria digital, cursos de formaci\u00f3\",\"breadcrumb\":{\"@id\":\"https:\/\/grupoom.es\/ca\/consultoria\/#breadcrumb\"},\"inLanguage\":\"ca\",\"potentialAction\":[{\"@type\":\"ReadAction\",\"target\":[\"https:\/\/grupoom.es\/ca\/consultoria\/\"]}]},{\"@type\":\"BreadcrumbList\",\"@id\":\"https:\/\/grupoom.es\/ca\/consultoria\/#breadcrumb\",\"itemListElement\":[{\"@type\":\"ListItem\",\"position\":1,\"name\":\"Portada\",\"item\":\"https:\/\/grupoom.es\/ca\/agencia-de-publicitat-i-marqueting-online-a-castello\/\"},{\"@type\":\"ListItem\",\"position\":2,\"name\":\"Consultoria\"}]},{\"@type\":\"WebSite\",\"@id\":\"https:\/\/grupoom.es\/ca\/#website\",\"url\":\"https:\/\/grupoom.es\/ca\/\",\"name\":\"Grupo On Market\",\"description\":\"Agencia de Publicidad y Marketing Online en Castell\u00f3n\",\"potentialAction\":[{\"@type\":\"SearchAction\",\"target\":{\"@type\":\"EntryPoint\",\"urlTemplate\":\"https:\/\/grupoom.es\/ca\/?s={search_term_string}\"},\"query-input\":{\"@type\":\"PropertyValueSpecification\",\"valueRequired\":true,\"valueName\":\"search_term_string\"}}],\"inLanguage\":\"ca\"}]}<\/script>\n<!-- \/ Yoast SEO plugin. -->","yoast_head_json":{"title":"Consultoria - Grupo On Market","description":"M\u00e0rqueting digital, comunicaci\u00f3 corporativa, auditoria digital, cursos de formaci\u00f3","robots":{"index":"index","follow":"follow","max-snippet":"max-snippet:-1","max-image-preview":"max-image-preview:large","max-video-preview":"max-video-preview:-1"},"canonical":"https:\/\/grupoom.es\/ca\/consultoria\/","og_locale":"ca_ES","og_type":"article","og_title":"Consultoria - Grupo On Market","og_description":"M\u00e0rqueting digital, comunicaci\u00f3 corporativa, auditoria digital, cursos de formaci\u00f3","og_url":"https:\/\/grupoom.es\/ca\/consultoria\/","og_site_name":"Grupo On Market","article_modified_time":"2026-03-25T15:26:56+00:00","twitter_card":"summary_large_image","twitter_misc":{"Temps estimat de lectura":"4 minuts"},"schema":{"@context":"https:\/\/schema.org","@graph":[{"@type":"WebPage","@id":"https:\/\/grupoom.es\/ca\/consultoria\/","url":"https:\/\/grupoom.es\/ca\/consultoria\/","name":"Consultoria - Grupo On Market","isPartOf":{"@id":"https:\/\/grupoom.es\/ca\/#website"},"datePublished":"2021-12-23T16:03:56+00:00","dateModified":"2026-03-25T15:26:56+00:00","description":"M\u00e0rqueting digital, comunicaci\u00f3 corporativa, auditoria digital, cursos de formaci\u00f3","breadcrumb":{"@id":"https:\/\/grupoom.es\/ca\/consultoria\/#breadcrumb"},"inLanguage":"ca","potentialAction":[{"@type":"ReadAction","target":["https:\/\/grupoom.es\/ca\/consultoria\/"]}]},{"@type":"BreadcrumbList","@id":"https:\/\/grupoom.es\/ca\/consultoria\/#breadcrumb","itemListElement":[{"@type":"ListItem","position":1,"name":"Portada","item":"https:\/\/grupoom.es\/ca\/agencia-de-publicitat-i-marqueting-online-a-castello\/"},{"@type":"ListItem","position":2,"name":"Consultoria"}]},{"@type":"WebSite","@id":"https:\/\/grupoom.es\/ca\/#website","url":"https:\/\/grupoom.es\/ca\/","name":"Grupo On Market","description":"Agencia de Publicidad y Marketing Online en Castell\u00f3n","potentialAction":[{"@type":"SearchAction","target":{"@type":"EntryPoint","urlTemplate":"https:\/\/grupoom.es\/ca\/?s={search_term_string}"},"query-input":{"@type":"PropertyValueSpecification","valueRequired":true,"valueName":"search_term_string"}}],"inLanguage":"ca"}]}},"_links":{"self":[{"href":"https:\/\/grupoom.es\/ca\/wp-json\/wp\/v2\/pages\/182980","targetHints":{"allow":["GET"]}}],"collection":[{"href":"https:\/\/grupoom.es\/ca\/wp-json\/wp\/v2\/pages"}],"about":[{"href":"https:\/\/grupoom.es\/ca\/wp-json\/wp\/v2\/types\/page"}],"author":[{"embeddable":true,"href":"https:\/\/grupoom.es\/ca\/wp-json\/wp\/v2\/users\/1"}],"replies":[{"embeddable":true,"href":"https:\/\/grupoom.es\/ca\/wp-json\/wp\/v2\/comments?post=182980"}],"version-history":[{"count":4,"href":"https:\/\/grupoom.es\/ca\/wp-json\/wp\/v2\/pages\/182980\/revisions"}],"predecessor-version":[{"id":183670,"href":"https:\/\/grupoom.es\/ca\/wp-json\/wp\/v2\/pages\/182980\/revisions\/183670"}],"wp:attachment":[{"href":"https:\/\/grupoom.es\/ca\/wp-json\/wp\/v2\/media?parent=182980"}],"curies":[{"name":"wp","href":"https:\/\/api.w.org\/{rel}","templated":true}]}}