{"id":182993,"date":"2021-12-12T20:23:14","date_gmt":"2021-12-12T19:23:14","guid":{"rendered":"https:\/\/grupoom.es\/desenvolupament\/"},"modified":"2026-03-25T16:10:41","modified_gmt":"2026-03-25T15:10:41","slug":"desenvolupament","status":"publish","type":"page","link":"https:\/\/grupoom.es\/ca\/desenvolupament\/","title":{"rendered":"Desenvolupament"},"content":{"rendered":"<div class=\"wpb-content-wrapper\"><p>[vc_row unlock_row_content=&#8221;yes&#8221; row_height_percent=&#8221;85&#8243; override_padding=&#8221;yes&#8221; h_padding=&#8221;4&#8243; top_padding=&#8221;5&#8243; bottom_padding=&#8221;5&#8243; back_image=&#8221;105660&#8243; overlay_alpha=&#8221;50&#8243; gutter_size=&#8221;3&#8243; column_width_percent=&#8221;100&#8243; shift_y=&#8221;0&#8243; z_index=&#8221;0&#8243; enable_bottom_divider=&#8221;default&#8221; bottom_divider=&#8221;ray-opacity&#8221; shape_bottom_h_use_pixel=&#8221;&#8221; shape_bottom_height=&#8221;50&#8243; shape_bottom_color=&#8221;color-lxmt&#8221; shape_bottom_opacity=&#8221;100&#8243; shape_bottom_index=&#8221;0&#8243; uncode_shortcode_id=&#8221;133935&#8243; shape_bottom_color_type=&#8221;uncode-palette&#8221;][vc_column column_width_percent=&#8221;100&#8243; position_vertical=&#8221;middle&#8221; align_horizontal=&#8221;align_center&#8221; gutter_size=&#8221;3&#8243; style=&#8221;dark&#8221; overlay_alpha=&#8221;50&#8243; shift_x=&#8221;0&#8243; shift_y=&#8221;0&#8243; shift_y_down=&#8221;0&#8243; z_index=&#8221;0&#8243; medium_width=&#8221;0&#8243; mobile_width=&#8221;0&#8243; width=&#8221;1\/1&#8243; uncode_shortcode_id=&#8221;118699&#8243;][vc_empty_space empty_h=&#8221;4&#8243;][uncode_index el_id=&#8221;index-209731&#8243; index_type=&#8221;titles&#8221; loop=&#8221;size:10|order_by:date|post_type:post|categories:377|taxonomy_count:10&#8243; titles_display=&#8221;inline&#8221; gutter_size=&#8221;3&#8243; drop_image_separator=&#8221;slash&#8221; drop_image_position=&#8221;hide&#8221; drop_image_time=&#8221;250&#8243; drop_image_hover=&#8221;accent&#8221; drop_image_extra=&#8221;yes&#8221; drop_image_extra_weight=&#8221;normal&#8221; single_style=&#8221;dark&#8221; single_title_semantic=&#8221;h1&#8243; single_title_dimension=&#8221;fontsize-767262&#8243; single_title_weight=&#8221;400&#8243; custom_order=&#8221;yes&#8221; no_double_tap=&#8221;yes&#8221; titles_display_mobile=&#8221;yes&#8221; titles_gap_reduced_mobile=&#8221;yes&#8221; titles_hide_separator_mobile=&#8221;yes&#8221; uncode_shortcode_id=&#8221;991542&#8243; order_ids=&#8221;183561,183558,183556,183552&#8243; items=&#8221;eyIxMDMzOTdfaSI6eyJzaW5nbGVfbGluayI6InVybDolMjN3ZWIifSwiMTAzMzk5X2kiOnsic2luZ2xlX2xpbmsiOiJ1cmw6JTIzd2ViYXBwIn0sIjEwMzQwMV9pIjp7InNpbmdsZV9saW5rIjoidXJsOiUyM3Nob3BvbmxpbmUifSwiMTAzNDA0X2kiOnsic2luZ2xlX2xpbmsiOiJ1cmw6JTIzZGVzYXJyb2xsbyJ9LCIxMDM5MDlfaSI6eyJzaW5nbGVfbGluayI6InVybDolMjNzZW8ifSwiMTgzNTYxX2kiOnsic2luZ2xlX2xpbmsiOiJ1cmw6JTJGY2ElMkZkZXNlbnZvbHVwYW1lbnQlMkYlMjN3ZWIifSwiMTgzNTU4X2kiOnsic2luZ2xlX2xpbmsiOiJ1cmw6JTJGY2ElMkZkZXNlbnZvbHVwYW1lbnQlMkYlMjNzaG9wb25saW5lIn0sIjE4MzU1Nl9pIjp7InNpbmdsZV9saW5rIjoidXJsOiUyRmNhJTJGZGVzZW52b2x1cGFtZW50JTJGJTIzZGVzYXJyb2xsbyJ9LCIxODM1NTJfaSI6eyJzaW5nbGVfbGluayI6InVybDolMkZjYSUyRmRlc2Vudm9sdXBhbWVudCUyRiUyM3NlbyJ9fQ==&#8221;][vc_empty_space empty_h=&#8221;4&#8243;][\/vc_column][\/vc_row][vc_row unlock_row_content=&#8221;yes&#8221; row_height_percent=&#8221;0&#8243; override_padding=&#8221;yes&#8221; h_padding=&#8221;7&#8243; top_padding=&#8221;4&#8243; bottom_padding=&#8221;4&#8243; back_color=&#8221;color-lxmt&#8221; overlay_alpha=&#8221;50&#8243; gutter_size=&#8221;4&#8243; column_width_percent=&#8221;100&#8243; shift_y=&#8221;0&#8243; z_index=&#8221;0&#8243; inverted_device_order=&#8221;yes&#8221; changer_back_color=&#8221;yes&#8221; uncode_shortcode_id=&#8221;208300&#8243; back_color_type=&#8221;uncode-palette&#8221; row_name=&#8221;web&#8221;][vc_column column_width_percent=&#8221;100&#8243; position_vertical=&#8221;middle&#8221; gutter_size=&#8221;2&#8243; overlay_alpha=&#8221;50&#8243; shift_x=&#8221;0&#8243; shift_y=&#8221;0&#8243; shift_y_down=&#8221;0&#8243; z_index=&#8221;10&#8243; medium_width=&#8221;0&#8243; mobile_width=&#8221;0&#8243; width=&#8221;1\/2&#8243; uncode_shortcode_id=&#8221;681203&#8243;][vc_custom_heading heading_semantic=&#8221;h3&#8243; text_size=&#8221;h1&#8243; text_weight=&#8221;500&#8243; uncode_shortcode_id=&#8221;118759&#8243;]Web &amp; Web App[\/vc_custom_heading][vc_column_text text_lead=&#8221;yes&#8221; uncode_shortcode_id=&#8221;189651&#8243;]Treballem per desenvolupar solucions simples, tant en el disseny com en el codi. Tot i que cada projecte \u00e9s diferent, el nostre enfocament est\u00e8tic sovint implica un sentit distint del joc, amb l&#8217;objectiu de fer que la navegaci\u00f3 sigui atractiva i funcional.<\/p>\n<p>El nostre treball es basa a incrementar estrat\u00e8gicament les propostes i ofertes de cada marca i destil\u00b7lar els missatges centrals fins a la seva forma visual m\u00e9s precisa i fresca.[\/vc_column_text][vc_empty_space empty_h=&#8221;1&#8243;][\/vc_column][vc_column column_width_percent=&#8221;70&#8243; position_vertical=&#8221;middle&#8221; gutter_size=&#8221;3&#8243; overlay_alpha=&#8221;50&#8243; shift_x=&#8221;0&#8243; shift_y=&#8221;0&#8243; shift_y_down=&#8221;0&#8243; z_index=&#8221;0&#8243; medium_width=&#8221;0&#8243; mobile_width=&#8221;0&#8243; width=&#8221;1\/2&#8243; uncode_shortcode_id=&#8221;101548&#8243;][uncode_index el_id=&#8221;index-4544&#8243; index_type=&#8221;carousel&#8221; loop=&#8221;size:1|order_by:date|post_type:portfolio|tax_query:40|taxonomy_count:10&#8243; carousel_lg=&#8221;1&#8243; carousel_md=&#8221;1&#8243; carousel_sm=&#8221;1&#8243; gutter_size=&#8221;1&#8243; inner_padding=&#8221;yes&#8221; portfolio_items=&#8221;title,media|featured|onpost|original,link|default|default_size|Ver Proyecto&#8221; carousel_v_align=&#8221;middle&#8221; carousel_interval=&#8221;3000&#8243; carousel_navspeed=&#8221;400&#8243; carousel_loop=&#8221;yes&#8221; carousel_nav=&#8221;yes&#8221; carousel_dots=&#8221;yes&#8221; carousel_dots_mobile=&#8221;yes&#8221; carousel_dots_inside=&#8221;yes&#8221; carousel_dot_width=&#8221;limit&#8221; carousel_dot_padding=&#8221;1&#8243; stage_padding=&#8221;0&#8243; single_shape=&#8221;round&#8221; radius=&#8221;std&#8221; single_overlay_opacity=&#8221;1&#8243; single_padding=&#8221;2&#8243; single_border=&#8221;yes&#8221; single_animation_first=&#8221;yes&#8221; no_double_tap=&#8221;yes&#8221; uncode_shortcode_id=&#8221;196761&#8243; single_icon=&#8221;fa fa-long-arrow-right&#8221;][\/vc_column][\/vc_row][vc_row unlock_row_content=&#8221;yes&#8221; row_height_percent=&#8221;100&#8243; override_padding=&#8221;yes&#8221; h_padding=&#8221;7&#8243; top_padding=&#8221;5&#8243; bottom_padding=&#8221;5&#8243; back_color=&#8221;color-xsdn&#8221; overlay_alpha=&#8221;50&#8243; gutter_size=&#8221;4&#8243; column_width_percent=&#8221;100&#8243; shift_y=&#8221;0&#8243; z_index=&#8221;0&#8243; inverted_device_order=&#8221;yes&#8221; changer_back_color=&#8221;yes&#8221; uncode_shortcode_id=&#8221;366635&#8243; back_color_type=&#8221;uncode-palette&#8221; row_name=&#8221;shoponline&#8221;][vc_column column_width_percent=&#8221;100&#8243; position_vertical=&#8221;middle&#8221; gutter_size=&#8221;2&#8243; overlay_alpha=&#8221;50&#8243; shift_x=&#8221;0&#8243; shift_y=&#8221;0&#8243; shift_y_down=&#8221;0&#8243; z_index=&#8221;0&#8243; medium_width=&#8221;0&#8243; mobile_width=&#8221;0&#8243; width=&#8221;1\/2&#8243; uncode_shortcode_id=&#8221;154497&#8243;][vc_custom_heading heading_semantic=&#8221;h3&#8243; text_size=&#8221;h1&#8243; text_weight=&#8221;500&#8243; uncode_shortcode_id=&#8221;208563&#8243;]Botiga Online[\/vc_custom_heading][vc_column_text text_lead=&#8221;yes&#8221; uncode_shortcode_id=&#8221;163667&#8243;]Idegem, dissenyem i implantem projectes de comer\u00e7 electr\u00f2nic personalitzats per a cada marca, per tal d&#8217;augmentar el tr\u00e0nsit i el r\u00e0nquing de vendes.<br \/>\nDisposem d&#8217;un protocol propi generat per l&#8217;equip d&#8217;experts de Grupoom, sobre el qual, d&#8217;una manera planificada i estructurada, despr\u00e9s d&#8217;un estudi sobre el client, el sector i els mercats objectiu, dissenyem i implantem la millor plataforma de venda en l\u00ednia per a cada client.<br \/>\nEns enfoquem a augmentar els resultats mitjan\u00e7ant la generaci\u00f3 d&#8217;una experi\u00e8ncia del client \u00fanica, f\u00e0cil, agradable, informativa i intu\u00eftiva.[\/vc_column_text][vc_empty_space empty_h=&#8221;1&#8243;][\/vc_column][vc_column column_width_percent=&#8221;65&#8243; position_vertical=&#8221;middle&#8221; gutter_size=&#8221;2&#8243; overlay_alpha=&#8221;50&#8243; shift_x=&#8221;0&#8243; shift_y=&#8221;0&#8243; shift_y_down=&#8221;0&#8243; z_index=&#8221;0&#8243; medium_width=&#8221;0&#8243; mobile_width=&#8221;0&#8243; width=&#8221;1\/2&#8243; uncode_shortcode_id=&#8221;177524&#8243;][uncode_index el_id=&#8221;index-184543&#8243; index_type=&#8221;carousel&#8221; loop=&#8221;size:2|order_by:date|post_type:portfolio|tax_query:124|taxonomy_count:10&#8243; carousel_lg=&#8221;1&#8243; carousel_md=&#8221;1&#8243; carousel_sm=&#8221;1&#8243; gutter_size=&#8221;3&#8243; portfolio_items=&#8221;title,media|featured|onpost|original,link|default|default_size|Ver Proyecto&#8221; carousel_interval=&#8221;3000&#8243; carousel_navspeed=&#8221;400&#8243; carousel_loop=&#8221;yes&#8221; carousel_nav=&#8221;yes&#8221; carousel_nav_mobile=&#8221;yes&#8221; carousel_nav_skin=&#8221;dark&#8221; carousel_dots=&#8221;yes&#8221; carousel_dots_space=&#8221;yes&#8221; carousel_dots_mobile=&#8221;yes&#8221; carousel_dots_inside=&#8221;yes&#8221; carousel_dot_width=&#8221;limit&#8221; carousel_dot_padding=&#8221;0&#8243; stage_padding=&#8221;0&#8243; single_shape=&#8221;round&#8221; radius=&#8221;std&#8221; single_overlay_opacity=&#8221;1&#8243; single_padding=&#8221;2&#8243; single_border=&#8221;yes&#8221; no_double_tap=&#8221;yes&#8221; uncode_shortcode_id=&#8221;196576&#8243;][\/vc_column][\/vc_row][vc_row unlock_row_content=&#8221;yes&#8221; row_height_percent=&#8221;0&#8243; override_padding=&#8221;yes&#8221; h_padding=&#8221;7&#8243; top_padding=&#8221;5&#8243; bottom_padding=&#8221;5&#8243; back_color=&#8221;color-xsdn&#8221; overlay_alpha=&#8221;50&#8243; gutter_size=&#8221;4&#8243; column_width_percent=&#8221;100&#8243; shift_y=&#8221;0&#8243; z_index=&#8221;0&#8243; inverted_device_order=&#8221;yes&#8221; changer_back_color=&#8221;yes&#8221; uncode_shortcode_id=&#8221;309283&#8243; back_color_type=&#8221;uncode-palette&#8221; row_name=&#8221;desarrollo&#8221;][vc_column column_width_percent=&#8221;100&#8243; position_vertical=&#8221;middle&#8221; gutter_size=&#8221;2&#8243; font_family=&#8221;font-136269&#8243; overlay_alpha=&#8221;50&#8243; shift_x=&#8221;0&#8243; shift_y=&#8221;0&#8243; shift_y_down=&#8221;0&#8243; z_index=&#8221;0&#8243; medium_width=&#8221;0&#8243; mobile_width=&#8221;0&#8243; width=&#8221;1\/2&#8243; uncode_shortcode_id=&#8221;107105&#8243;][vc_custom_heading heading_semantic=&#8221;h3&#8243; text_size=&#8221;h1&#8243; text_weight=&#8221;500&#8243; uncode_shortcode_id=&#8221;709809&#8243;]Desenvolupaments a mida[\/vc_custom_heading][vc_column_text text_lead=&#8221;yes&#8221; uncode_shortcode_id=&#8221;289058&#8243;]Cada projecte pot requerir necessitats molt concretes que s&#8217;han de desenvolupar des de zero com un projecte sense igual.<br \/>\nA <strong>GRUPOOM<\/strong> tractem cada projecte de manera \u00fanica, elaborant propostes totalment personalitzades, d&#8217;acord amb els requeriments espec\u00edfics de cada client o projecte.<br \/>\nDes de l&#8217;an\u00e0lisi, el disseny, la programaci\u00f3, la implementaci\u00f3, la prova i la integraci\u00f3 dels sistemes, convertim idees en resultats.[\/vc_column_text][vc_empty_space empty_h=&#8221;1&#8243;][\/vc_column][vc_column column_width_percent=&#8221;65&#8243; gutter_size=&#8221;3&#8243; overlay_alpha=&#8221;50&#8243; shift_x=&#8221;0&#8243; shift_y=&#8221;0&#8243; shift_y_down=&#8221;0&#8243; z_index=&#8221;0&#8243; medium_width=&#8221;0&#8243; mobile_width=&#8221;0&#8243; width=&#8221;1\/2&#8243; uncode_shortcode_id=&#8221;569870&#8243;][uncode_index el_id=&#8221;index-184549&#8243; index_type=&#8221;carousel&#8221; loop=&#8221;size:10|order_by:date|post_type:portfolio|tax_query:125|taxonomy_count:10&#8243; carousel_lg=&#8221;1&#8243; carousel_md=&#8221;1&#8243; carousel_sm=&#8221;1&#8243; gutter_size=&#8221;3&#8243; portfolio_items=&#8221;title,media|featured|onpost|original,link|default|default_size|Ver Proyecto&#8221; carousel_interval=&#8221;3000&#8243; carousel_navspeed=&#8221;400&#8243; carousel_loop=&#8221;yes&#8221; carousel_nav=&#8221;yes&#8221; carousel_nav_skin=&#8221;dark&#8221; carousel_dots=&#8221;yes&#8221; carousel_dots_mobile=&#8221;yes&#8221; carousel_dot_width=&#8221;limit&#8221; stage_padding=&#8221;0&#8243; single_shape=&#8221;round&#8221; radius=&#8221;std&#8221; single_overlay_opacity=&#8221;1&#8243; single_padding=&#8221;2&#8243; single_border=&#8221;yes&#8221; no_double_tap=&#8221;yes&#8221; uncode_shortcode_id=&#8221;404933&#8243;][\/vc_column][\/vc_row][vc_row unlock_row_content=&#8221;yes&#8221; row_height_percent=&#8221;0&#8243; override_padding=&#8221;yes&#8221; h_padding=&#8221;7&#8243; top_padding=&#8221;5&#8243; bottom_padding=&#8221;5&#8243; back_color=&#8221;color-lxmt&#8221; overlay_alpha=&#8221;50&#8243; gutter_size=&#8221;4&#8243; column_width_percent=&#8221;100&#8243; shift_y=&#8221;0&#8243; z_index=&#8221;0&#8243; inverted_device_order=&#8221;yes&#8221; changer_back_color=&#8221;yes&#8221; uncode_shortcode_id=&#8221;106641&#8243; row_name=&#8221;seo&#8221; back_color_type=&#8221;uncode-palette&#8221;][vc_column column_width_percent=&#8221;100&#8243; position_vertical=&#8221;middle&#8221; gutter_size=&#8221;2&#8243; font_family=&#8221;font-136269&#8243; overlay_alpha=&#8221;50&#8243; shift_x=&#8221;0&#8243; shift_y=&#8221;0&#8243; shift_y_down=&#8221;0&#8243; z_index=&#8221;0&#8243; medium_width=&#8221;0&#8243; mobile_width=&#8221;0&#8243; width=&#8221;1\/2&#8243; uncode_shortcode_id=&#8221;199904&#8243;][vc_custom_heading heading_semantic=&#8221;h3&#8243; text_size=&#8221;h1&#8243; text_weight=&#8221;500&#8243; uncode_shortcode_id=&#8221;140006&#8243;]SEO[\/vc_custom_heading][vc_column_text text_lead=&#8221;yes&#8221; uncode_shortcode_id=&#8221;936695&#8243;]Generem estrat\u00e8gies provades per optimitzar els motors de cerca, per tal d&#8217;augmentar la visibilitat d&#8217;un web i el seu tr\u00e0nsit org\u00e0nic.<br \/>\nMitjan\u00e7ant la investigaci\u00f3 de paraules clau i l&#8217;an\u00e0lisi de resultats de cerca, augmentem la reputaci\u00f3 i la pres\u00e8ncia digital de la marca.<br \/>\nIntegrem SEO t\u00e8cnic i SEO off-page o linkbuilding.[\/vc_column_text][vc_empty_space empty_h=&#8221;1&#8243;][\/vc_column][vc_column column_width_percent=&#8221;65&#8243; gutter_size=&#8221;2&#8243; expand_height=&#8221;yes&#8221; overlay_alpha=&#8221;50&#8243; shift_x=&#8221;0&#8243; shift_y=&#8221;0&#8243; shift_y_down=&#8221;0&#8243; z_index=&#8221;0&#8243; medium_width=&#8221;0&#8243; mobile_width=&#8221;0&#8243; width=&#8221;1\/2&#8243; uncode_shortcode_id=&#8221;827469&#8243;][uncode_index el_id=&#8221;index-18455&#8243; index_type=&#8221;carousel&#8221; loop=&#8221;size:10|order_by:date|post_type:portfolio|tax_query:126|taxonomy_count:10&#8243; carousel_lg=&#8221;1&#8243; carousel_md=&#8221;1&#8243; carousel_sm=&#8221;1&#8243; thumb_size=&#8221;one-one&#8221; gutter_size=&#8221;3&#8243; portfolio_items=&#8221;title,media|featured|onpost|original,link|default|default_size|Ver Proyecto&#8221; carousel_height=&#8221;equal&#8221; carousel_interval=&#8221;3000&#8243; carousel_navspeed=&#8221;400&#8243; carousel_loop=&#8221;yes&#8221; carousel_dots=&#8221;yes&#8221; carousel_dots_mobile=&#8221;yes&#8221; carousel_dots_inside=&#8221;yes&#8221; carousel_dot_width=&#8221;limit&#8221; carousel_dot_padding=&#8221;2&#8243; stage_padding=&#8221;0&#8243; single_shape=&#8221;round&#8221; radius=&#8221;std&#8221; single_overlay_opacity=&#8221;1&#8243; single_padding=&#8221;2&#8243; single_border=&#8221;yes&#8221; no_double_tap=&#8221;yes&#8221; uncode_shortcode_id=&#8221;413047&#8243;][\/vc_column][\/vc_row][vc_row row_height_percent=&#8221;0&#8243; override_padding=&#8221;yes&#8221; h_padding=&#8221;2&#8243; top_padding=&#8221;5&#8243; bottom_padding=&#8221;5&#8243; back_color=&#8221;color-xsdn&#8221; overlay_alpha=&#8221;62&#8243; gutter_size=&#8221;3&#8243; column_width_percent=&#8221;100&#8243; shift_y=&#8221;0&#8243; z_index=&#8221;0&#8243; top_divider=&#8221;gradient&#8221; bottom_divider=&#8221;gradient&#8221; changer_back_color=&#8221;yes&#8221; uncode_shortcode_id=&#8221;200485&#8243; back_color_type=&#8221;uncode-palette&#8221;][vc_column column_width_percent=&#8221;100&#8243; align_horizontal=&#8221;align_center&#8221; gutter_size=&#8221;4&#8243; style=&#8221;light&#8221; overlay_alpha=&#8221;50&#8243; shift_x=&#8221;0&#8243; shift_y=&#8221;0&#8243; shift_y_down=&#8221;0&#8243; z_index=&#8221;0&#8243; medium_width=&#8221;0&#8243; mobile_width=&#8221;0&#8243; width=&#8221;1\/1&#8243; uncode_shortcode_id=&#8221;423575&#8243;][vc_custom_heading text_weight=&#8221;500&#8243; uncode_shortcode_id=&#8221;130714&#8243; subheading=&#8221;Junts desenvolupem la millor soluci\u00f3&#8221;]Teniu algun projecte en ment?[\/vc_custom_heading][vc_button radius=&#8221;btn-round&#8221; outline=&#8221;yes&#8221; text_skin=&#8221;yes&#8221; custom_typo=&#8221;yes&#8221; font_family=&#8221;font-555555&#8243; font_weight=&#8221;500&#8243; border_width=&#8221;0&#8243; link=&#8221;url:https%3A%2F%2Fgrupoom.es%2Fca%2Fcontacte%2F|title:Contacte|target:_blank|&#8221; uncode_shortcode_id=&#8221;137250&#8243;]Contacte[\/vc_button][\/vc_column][\/vc_row]<\/p>\n<\/div>","protected":false},"excerpt":{"rendered":"<p>[vc_row unlock_row_content=&#8221;yes&#8221; row_height_percent=&#8221;85&#8243; override_padding=&#8221;yes&#8221; h_padding=&#8221;4&#8243; top_padding=&#8221;5&#8243; bottom_padding=&#8221;5&#8243; back_image=&#8221;105660&#8243; overlay_alpha=&#8221;50&#8243; gutter_size=&#8221;3&#8243; column_width_percent=&#8221;100&#8243; shift_y=&#8221;0&#8243; z_index=&#8221;0&#8243; enable_bottom_divider=&#8221;default&#8221; bottom_divider=&#8221;ray-opacity&#8221; shape_bottom_h_use_pixel=&#8221;&#8221; shape_bottom_height=&#8221;50&#8243; shape_bottom_color=&#8221;color-lxmt&#8221; shape_bottom_opacity=&#8221;100&#8243; shape_bottom_index=&#8221;0&#8243; [&hellip;]<\/p>\n","protected":false},"author":1,"featured_media":0,"parent":0,"menu_order":0,"comment_status":"closed","ping_status":"closed","template":"","meta":{"footnotes":""},"class_list":["post-182993","page","type-page","status-publish","hentry"],"yoast_head":"<!-- This site is optimized with the Yoast SEO plugin v27.2 - https:\/\/yoast.com\/product\/yoast-seo-wordpress\/ -->\n<title>Desenvolupament - Grupo On Market<\/title>\n<meta name=\"description\" content=\"Web i Web App, Botiga en l\u00ednia, Desenvolupaments a mida, SEO\" \/>\n<meta name=\"robots\" content=\"index, follow, max-snippet:-1, max-image-preview:large, max-video-preview:-1\" \/>\n<link rel=\"canonical\" href=\"https:\/\/grupoom.es\/ca\/desenvolupament\/\" \/>\n<meta property=\"og:locale\" content=\"ca_ES\" \/>\n<meta property=\"og:type\" content=\"article\" \/>\n<meta property=\"og:title\" content=\"Desenvolupament - Grupo On Market\" \/>\n<meta property=\"og:description\" content=\"Web i Web App, Botiga en l\u00ednia, Desenvolupaments a mida, SEO\" \/>\n<meta property=\"og:url\" content=\"https:\/\/grupoom.es\/ca\/desenvolupament\/\" \/>\n<meta property=\"og:site_name\" content=\"Grupo On Market\" \/>\n<meta property=\"article:modified_time\" content=\"2026-03-25T15:10:41+00:00\" \/>\n<meta name=\"twitter:card\" content=\"summary_large_image\" \/>\n<meta name=\"twitter:label1\" content=\"Temps estimat de lectura\" \/>\n\t<meta name=\"twitter:data1\" content=\"4 minuts\" \/>\n<script type=\"application\/ld+json\" class=\"yoast-schema-graph\">{\"@context\":\"https:\/\/schema.org\",\"@graph\":[{\"@type\":\"WebPage\",\"@id\":\"https:\/\/grupoom.es\/ca\/desenvolupament\/\",\"url\":\"https:\/\/grupoom.es\/ca\/desenvolupament\/\",\"name\":\"Desenvolupament - Grupo On Market\",\"isPartOf\":{\"@id\":\"https:\/\/grupoom.es\/ca\/#website\"},\"datePublished\":\"2021-12-12T19:23:14+00:00\",\"dateModified\":\"2026-03-25T15:10:41+00:00\",\"description\":\"Web i Web App, Botiga en l\u00ednia, Desenvolupaments a mida, SEO\",\"breadcrumb\":{\"@id\":\"https:\/\/grupoom.es\/ca\/desenvolupament\/#breadcrumb\"},\"inLanguage\":\"ca\",\"potentialAction\":[{\"@type\":\"ReadAction\",\"target\":[\"https:\/\/grupoom.es\/ca\/desenvolupament\/\"]}]},{\"@type\":\"BreadcrumbList\",\"@id\":\"https:\/\/grupoom.es\/ca\/desenvolupament\/#breadcrumb\",\"itemListElement\":[{\"@type\":\"ListItem\",\"position\":1,\"name\":\"Portada\",\"item\":\"https:\/\/grupoom.es\/ca\/agencia-de-publicitat-i-marqueting-online-a-castello\/\"},{\"@type\":\"ListItem\",\"position\":2,\"name\":\"Desenvolupament\"}]},{\"@type\":\"WebSite\",\"@id\":\"https:\/\/grupoom.es\/ca\/#website\",\"url\":\"https:\/\/grupoom.es\/ca\/\",\"name\":\"Grupo On Market\",\"description\":\"Agencia de Publicidad y Marketing Online en Castell\u00f3n\",\"potentialAction\":[{\"@type\":\"SearchAction\",\"target\":{\"@type\":\"EntryPoint\",\"urlTemplate\":\"https:\/\/grupoom.es\/ca\/?s={search_term_string}\"},\"query-input\":{\"@type\":\"PropertyValueSpecification\",\"valueRequired\":true,\"valueName\":\"search_term_string\"}}],\"inLanguage\":\"ca\"}]}<\/script>\n<!-- \/ Yoast SEO plugin. -->","yoast_head_json":{"title":"Desenvolupament - Grupo On Market","description":"Web i Web App, Botiga en l\u00ednia, Desenvolupaments a mida, SEO","robots":{"index":"index","follow":"follow","max-snippet":"max-snippet:-1","max-image-preview":"max-image-preview:large","max-video-preview":"max-video-preview:-1"},"canonical":"https:\/\/grupoom.es\/ca\/desenvolupament\/","og_locale":"ca_ES","og_type":"article","og_title":"Desenvolupament - Grupo On Market","og_description":"Web i Web App, Botiga en l\u00ednia, Desenvolupaments a mida, SEO","og_url":"https:\/\/grupoom.es\/ca\/desenvolupament\/","og_site_name":"Grupo On Market","article_modified_time":"2026-03-25T15:10:41+00:00","twitter_card":"summary_large_image","twitter_misc":{"Temps estimat de lectura":"4 minuts"},"schema":{"@context":"https:\/\/schema.org","@graph":[{"@type":"WebPage","@id":"https:\/\/grupoom.es\/ca\/desenvolupament\/","url":"https:\/\/grupoom.es\/ca\/desenvolupament\/","name":"Desenvolupament - Grupo On Market","isPartOf":{"@id":"https:\/\/grupoom.es\/ca\/#website"},"datePublished":"2021-12-12T19:23:14+00:00","dateModified":"2026-03-25T15:10:41+00:00","description":"Web i Web App, Botiga en l\u00ednia, Desenvolupaments a mida, SEO","breadcrumb":{"@id":"https:\/\/grupoom.es\/ca\/desenvolupament\/#breadcrumb"},"inLanguage":"ca","potentialAction":[{"@type":"ReadAction","target":["https:\/\/grupoom.es\/ca\/desenvolupament\/"]}]},{"@type":"BreadcrumbList","@id":"https:\/\/grupoom.es\/ca\/desenvolupament\/#breadcrumb","itemListElement":[{"@type":"ListItem","position":1,"name":"Portada","item":"https:\/\/grupoom.es\/ca\/agencia-de-publicitat-i-marqueting-online-a-castello\/"},{"@type":"ListItem","position":2,"name":"Desenvolupament"}]},{"@type":"WebSite","@id":"https:\/\/grupoom.es\/ca\/#website","url":"https:\/\/grupoom.es\/ca\/","name":"Grupo On Market","description":"Agencia de Publicidad y Marketing Online en Castell\u00f3n","potentialAction":[{"@type":"SearchAction","target":{"@type":"EntryPoint","urlTemplate":"https:\/\/grupoom.es\/ca\/?s={search_term_string}"},"query-input":{"@type":"PropertyValueSpecification","valueRequired":true,"valueName":"search_term_string"}}],"inLanguage":"ca"}]}},"_links":{"self":[{"href":"https:\/\/grupoom.es\/ca\/wp-json\/wp\/v2\/pages\/182993","targetHints":{"allow":["GET"]}}],"collection":[{"href":"https:\/\/grupoom.es\/ca\/wp-json\/wp\/v2\/pages"}],"about":[{"href":"https:\/\/grupoom.es\/ca\/wp-json\/wp\/v2\/types\/page"}],"author":[{"embeddable":true,"href":"https:\/\/grupoom.es\/ca\/wp-json\/wp\/v2\/users\/1"}],"replies":[{"embeddable":true,"href":"https:\/\/grupoom.es\/ca\/wp-json\/wp\/v2\/comments?post=182993"}],"version-history":[{"count":12,"href":"https:\/\/grupoom.es\/ca\/wp-json\/wp\/v2\/pages\/182993\/revisions"}],"predecessor-version":[{"id":183659,"href":"https:\/\/grupoom.es\/ca\/wp-json\/wp\/v2\/pages\/182993\/revisions\/183659"}],"wp:attachment":[{"href":"https:\/\/grupoom.es\/ca\/wp-json\/wp\/v2\/media?parent=182993"}],"curies":[{"name":"wp","href":"https:\/\/api.w.org\/{rel}","templated":true}]}}