{"id":183611,"date":"2022-03-21T17:04:24","date_gmt":"2022-03-21T16:04:24","guid":{"rendered":"https:\/\/grupoom.es\/avis-legal\/"},"modified":"2026-04-14T17:08:14","modified_gmt":"2026-04-14T15:08:14","slug":"avis-legal","status":"publish","type":"page","link":"https:\/\/grupoom.es\/ca\/avis-legal\/","title":{"rendered":"Av\u00eds legal"},"content":{"rendered":"<p><strong>Propietat intel\u00b7lectual i industrial <\/strong><br \/>\nEl disseny del portal i els seus codis font, aix\u00ed com els logotips, marques i la resta de signes distintius que hi apareixen pertanyen a (GRUPO ON MARKET SL) i estan protegits pels corresponents drets de propietat intel\u00b7lectual i industrial.<\/p>\n<p><strong>Responsabilitat dels continguts <\/strong><br \/>\nGRUPO ON MARKET SL CIF\/NIF B12895835 no es fa responsable de la legalitat d&#8217;altres llocs web de tercers des dels quals es pugui accedir al portal. Tampoc no respon per la legalitat d&#8217;altres llocs web de tercers que puguin estar vinculats o enlla\u00e7ats des d&#8217;aquest portal.<br \/>\nGRUPO ON MARKET SL CIF\/NIF B12895835 no ser\u00e0 responsable de l&#8217;\u00fas que tercers facin de la informaci\u00f3 publicada al portal, ni tampoc dels danys soferts o p\u00e8rdues econ\u00f2miques que, de forma directa o indirecta, produeixin o puguin produir perjudicis econ\u00f2mics, materials o sobre dades, provocats per l&#8217;\u00fas de dita informaci\u00f3.<\/p>\n<p><strong>Reproducci\u00f3 de continguts <\/strong><br \/>\nEn virtut del que disposa la Llei de Propietat Intel\u00b7lectual queden expressament prohibides la reproducci\u00f3, la distribuci\u00f3 i la comunicaci\u00f3 p\u00fablica de la totalitat o part dels continguts d&#8217;aquesta p\u00e0gina web, amb finalitats comercials en qualsevol suport, i per qualsevol mitj\u00e0 t\u00e8cnic, sense l&#8217;autoritzaci\u00f3 de GRUPO ON MARKET SL.<\/p>\n<p><strong>Llei aplicable <\/strong><br \/>\nGRUPO ON MARKET SL CIF\/NIF B12895835 es reserva la facultat de presentar les accions civils o penals que consideri necess\u00e0ries per la utilitzaci\u00f3 indeguda del lloc web i continguts, o per l&#8217;incompliment de les presents condicions.<br \/>\nLa relaci\u00f3 entre l&#8217;usuari i GRUPO ON MARKET SL CIF\/NIF B12895835 es regir\u00e0 per la normativa vigent i d&#8217;aplicaci\u00f3 en el territori nacional. En cas de sorgir qualsevol controv\u00e8rsia en relaci\u00f3 amb la interpretaci\u00f3 i\/o l&#8217;aplicaci\u00f3 d&#8217;aquestes condicions, les parts sotmetran els conflictes a la jurisdicci\u00f3 ordin\u00e0ria, sotmetent-se als jutges i tribunals que corresponguin conforme a dret.<br \/>\nAix\u00ed mateix, us informem que disposeu d&#8217;un procediment de resoluci\u00f3 extrajudicial de controv\u00e8rsies gratu\u00eft i accessible a tots els ciutadans; es tracta de la plataforma de resoluci\u00f3 de litigis en l\u00ednia de la Uni\u00f3 Europea, accessible a trav\u00e9s del seg\u00fcent enlla\u00e7: https:\/\/ec.europa.eu\/consumers\/odr\/main\/?event=main.home2.show.<\/p>\n<p><strong>Cookies <\/strong><br \/>\nEn el cas d&#8217;utilitzar tecnologia \u201ccookie\u201d al web, disposeu d&#8217;un apartat concret que us informa sobre la seva exist\u00e8ncia, aix\u00ed com de la seva pol\u00edtica d&#8217;\u00fas. Consulteu l&#8217;apartat \u201cpol\u00edtica de cookies\u201d.<br \/>\nEn cas contrari, no s&#8217;utilitzen cookies de navegaci\u00f3.<\/p>\n<p><strong>Dades personals de menors <\/strong><br \/>\nAquesta p\u00e0gina web no est\u00e0 dirigida a usuaris menors d&#8217;edat. Si sou menor d&#8217;edat, si us plau, no intenteu registrar-vos com a usuari. Si descobrim que per error hem obtingut informaci\u00f3 personal d&#8217;un menor, eliminarem aquesta informaci\u00f3 al m\u00e9s aviat possible.<br \/>\n<strong><br \/>\nExercici dels drets de protecci\u00f3 de dades <\/strong><br \/>\nD&#8217;acord amb els drets que confereix la normativa vigent en mat\u00e8ria de protecci\u00f3 de dades de car\u00e0cter personal, l&#8217;usuari podr\u00e0 exercir els drets d&#8217;acc\u00e9s, rectificaci\u00f3, limitaci\u00f3 de tractament, supressi\u00f3, portabilitat i oposici\u00f3 al tractament de les seves dades adre\u00e7ant la seva petici\u00f3 a l&#8217;adre\u00e7a postal indicada o al correu electr\u00f2nic CLIENTES@GRUPOOM.ES.<br \/>\nPer a l&#8217;exercici dels drets haureu d&#8217;identificar-vos mitjan\u00e7ant la presentaci\u00f3 del vostre DNI.<br \/>\nPer a qualsevol reclamaci\u00f3 podeu adre\u00e7ar-vos al mateix correu indicat. Igualment podreu adre\u00e7ar-vos a l&#8217;Ag\u00e8ncia Espanyola de Protecci\u00f3 de Dades: www.aepd.es<\/p>\n","protected":false},"excerpt":{"rendered":"<p>Propietat intel\u00b7lectual i industrial El disseny del portal i els seus codis font, aix\u00ed com els logotips, marques i la [&hellip;]<\/p>\n","protected":false},"author":1,"featured_media":0,"parent":0,"menu_order":0,"comment_status":"closed","ping_status":"closed","template":"","meta":{"footnotes":""},"class_list":["post-183611","page","type-page","status-publish","hentry"],"yoast_head":"<!-- This site is optimized with the Yoast SEO plugin v27.2 - https:\/\/yoast.com\/product\/yoast-seo-wordpress\/ -->\n<title>Av\u00eds legal - Grupo On Market<\/title>\n<meta name=\"robots\" content=\"noindex, nofollow\" \/>\n<meta property=\"og:locale\" content=\"ca_ES\" \/>\n<meta property=\"og:type\" content=\"article\" \/>\n<meta property=\"og:title\" content=\"Av\u00eds legal - Grupo On Market\" \/>\n<meta property=\"og:description\" content=\"Propietat intel\u00b7lectual i industrial El disseny del portal i els seus codis font, aix\u00ed com els logotips, marques i la [&hellip;]\" \/>\n<meta property=\"og:url\" content=\"https:\/\/grupoom.es\/ca\/avis-legal\/\" \/>\n<meta property=\"og:site_name\" content=\"Grupo On Market\" \/>\n<meta property=\"article:modified_time\" content=\"2026-04-14T15:08:14+00:00\" \/>\n<meta name=\"twitter:card\" content=\"summary_large_image\" \/>\n<meta name=\"twitter:label1\" content=\"Temps estimat de lectura\" \/>\n\t<meta name=\"twitter:data1\" content=\"3 minuts\" \/>\n<script type=\"application\/ld+json\" class=\"yoast-schema-graph\">{\"@context\":\"https:\/\/schema.org\",\"@graph\":[{\"@type\":\"WebPage\",\"@id\":\"https:\/\/grupoom.es\/ca\/avis-legal\/\",\"url\":\"https:\/\/grupoom.es\/ca\/avis-legal\/\",\"name\":\"Av\u00eds legal - Grupo On Market\",\"isPartOf\":{\"@id\":\"https:\/\/grupoom.es\/ca\/#website\"},\"datePublished\":\"2022-03-21T16:04:24+00:00\",\"dateModified\":\"2026-04-14T15:08:14+00:00\",\"breadcrumb\":{\"@id\":\"https:\/\/grupoom.es\/ca\/avis-legal\/#breadcrumb\"},\"inLanguage\":\"ca\",\"potentialAction\":[{\"@type\":\"ReadAction\",\"target\":[\"https:\/\/grupoom.es\/ca\/avis-legal\/\"]}]},{\"@type\":\"BreadcrumbList\",\"@id\":\"https:\/\/grupoom.es\/ca\/avis-legal\/#breadcrumb\",\"itemListElement\":[{\"@type\":\"ListItem\",\"position\":1,\"name\":\"Portada\",\"item\":\"https:\/\/grupoom.es\/ca\/agencia-de-publicitat-i-marqueting-online-a-castello\/\"},{\"@type\":\"ListItem\",\"position\":2,\"name\":\"Av\u00eds legal\"}]},{\"@type\":\"WebSite\",\"@id\":\"https:\/\/grupoom.es\/ca\/#website\",\"url\":\"https:\/\/grupoom.es\/ca\/\",\"name\":\"Grupo On Market\",\"description\":\"Agencia de Publicidad y Marketing Online en Castell\u00f3n\",\"potentialAction\":[{\"@type\":\"SearchAction\",\"target\":{\"@type\":\"EntryPoint\",\"urlTemplate\":\"https:\/\/grupoom.es\/ca\/?s={search_term_string}\"},\"query-input\":{\"@type\":\"PropertyValueSpecification\",\"valueRequired\":true,\"valueName\":\"search_term_string\"}}],\"inLanguage\":\"ca\"}]}<\/script>\n<!-- \/ Yoast SEO plugin. -->","yoast_head_json":{"title":"Av\u00eds legal - Grupo On Market","robots":{"index":"noindex","follow":"nofollow"},"og_locale":"ca_ES","og_type":"article","og_title":"Av\u00eds legal - Grupo On Market","og_description":"Propietat intel\u00b7lectual i industrial El disseny del portal i els seus codis font, aix\u00ed com els logotips, marques i la [&hellip;]","og_url":"https:\/\/grupoom.es\/ca\/avis-legal\/","og_site_name":"Grupo On Market","article_modified_time":"2026-04-14T15:08:14+00:00","twitter_card":"summary_large_image","twitter_misc":{"Temps estimat de lectura":"3 minuts"},"schema":{"@context":"https:\/\/schema.org","@graph":[{"@type":"WebPage","@id":"https:\/\/grupoom.es\/ca\/avis-legal\/","url":"https:\/\/grupoom.es\/ca\/avis-legal\/","name":"Av\u00eds legal - Grupo On Market","isPartOf":{"@id":"https:\/\/grupoom.es\/ca\/#website"},"datePublished":"2022-03-21T16:04:24+00:00","dateModified":"2026-04-14T15:08:14+00:00","breadcrumb":{"@id":"https:\/\/grupoom.es\/ca\/avis-legal\/#breadcrumb"},"inLanguage":"ca","potentialAction":[{"@type":"ReadAction","target":["https:\/\/grupoom.es\/ca\/avis-legal\/"]}]},{"@type":"BreadcrumbList","@id":"https:\/\/grupoom.es\/ca\/avis-legal\/#breadcrumb","itemListElement":[{"@type":"ListItem","position":1,"name":"Portada","item":"https:\/\/grupoom.es\/ca\/agencia-de-publicitat-i-marqueting-online-a-castello\/"},{"@type":"ListItem","position":2,"name":"Av\u00eds legal"}]},{"@type":"WebSite","@id":"https:\/\/grupoom.es\/ca\/#website","url":"https:\/\/grupoom.es\/ca\/","name":"Grupo On Market","description":"Agencia de Publicidad y Marketing Online en Castell\u00f3n","potentialAction":[{"@type":"SearchAction","target":{"@type":"EntryPoint","urlTemplate":"https:\/\/grupoom.es\/ca\/?s={search_term_string}"},"query-input":{"@type":"PropertyValueSpecification","valueRequired":true,"valueName":"search_term_string"}}],"inLanguage":"ca"}]}},"_links":{"self":[{"href":"https:\/\/grupoom.es\/ca\/wp-json\/wp\/v2\/pages\/183611","targetHints":{"allow":["GET"]}}],"collection":[{"href":"https:\/\/grupoom.es\/ca\/wp-json\/wp\/v2\/pages"}],"about":[{"href":"https:\/\/grupoom.es\/ca\/wp-json\/wp\/v2\/types\/page"}],"author":[{"embeddable":true,"href":"https:\/\/grupoom.es\/ca\/wp-json\/wp\/v2\/users\/1"}],"replies":[{"embeddable":true,"href":"https:\/\/grupoom.es\/ca\/wp-json\/wp\/v2\/comments?post=183611"}],"version-history":[{"count":1,"href":"https:\/\/grupoom.es\/ca\/wp-json\/wp\/v2\/pages\/183611\/revisions"}],"predecessor-version":[{"id":184196,"href":"https:\/\/grupoom.es\/ca\/wp-json\/wp\/v2\/pages\/183611\/revisions\/184196"}],"wp:attachment":[{"href":"https:\/\/grupoom.es\/ca\/wp-json\/wp\/v2\/media?parent=183611"}],"curies":[{"name":"wp","href":"https:\/\/api.w.org\/{rel}","templated":true}]}}