{"id":183613,"date":"2022-03-21T17:05:17","date_gmt":"2022-03-21T16:05:17","guid":{"rendered":"https:\/\/grupoom.es\/politica-de-privacitat\/"},"modified":"2026-04-14T17:08:48","modified_gmt":"2026-04-14T15:08:48","slug":"politica-de-privacitat","status":"publish","type":"page","link":"https:\/\/grupoom.es\/ca\/politica-de-privacitat\/","title":{"rendered":"Pol\u00edtica de privacitat"},"content":{"rendered":"<div class=\"wpb-content-wrapper\"><p>[vc_row unlock_row_content=&#8221;yes&#8221; row_height_percent=&#8221;0&#8243; override_padding=&#8221;yes&#8221; h_padding=&#8221;6&#8243; top_padding=&#8221;2&#8243; bottom_padding=&#8221;2&#8243; overlay_alpha=&#8221;50&#8243; gutter_size=&#8221;3&#8243; column_width_percent=&#8221;100&#8243; shift_y=&#8221;0&#8243; z_index=&#8221;0&#8243; uncode_shortcode_id=&#8221;201320&#8243;][vc_column column_width_percent=&#8221;90&#8243; gutter_size=&#8221;3&#8243; overlay_alpha=&#8221;50&#8243; shift_x=&#8221;0&#8243; shift_y=&#8221;0&#8243; shift_y_down=&#8221;0&#8243; z_index=&#8221;0&#8243; medium_width=&#8221;0&#8243; mobile_width=&#8221;0&#8243; uncode_shortcode_id=&#8221;284863&#8243;][vc_custom_heading uncode_shortcode_id=&#8221;136848&#8243;]Pol\u00edtica de privacitat[\/vc_custom_heading][vc_column_text uncode_shortcode_id=&#8221;614897&#8243;]<strong>Informaci\u00f3 del titular del web <\/strong><\/p>\n<p>GRUPO ON MARKET SL CIF\/NIF B12895835 amb domicili a AVENIDA JAIME CHICHARRO 81 LOCAL 4 ENTLO, BURRIANA (CASTELLON), 12530 i correu de comunicacions CLIENTES@GRUPOOM.ES. Inscrita al Registre Mercantil de Castell\u00f3, Tom: 1606, Llibre: 1168, Foli 150, Secci\u00f3: 8, Full: 34797, Inscripci\u00f3: 1.<\/p>\n<p><strong>Responsable de protecci\u00f3 de dades <\/strong><\/p>\n<p>El titular \u00e9s el responsable de les dades personals que es recullen mitjan\u00e7ant la navegaci\u00f3 i l\u2019\u00fas d\u2019aquest web d\u2019acord amb els requisits establerts pel REGLAMENT (UE) 2016\/679 relatiu a la protecci\u00f3 de dades de les persones f\u00edsiques, aix\u00ed com d\u2019acord amb la Llei 34\/2002, d\u201911 de juliol, de serveis de la societat de la informaci\u00f3 i de comer\u00e7 electr\u00f2nic (LSSI-CE).<\/p>\n<p>En utilitzar aquest lloc web entenem que ha llegit i compr\u00e8s la informaci\u00f3 que s\u2019exposa en relaci\u00f3 amb el tractament de les seves dades de car\u00e0cter personal.<\/p>\n<p><strong>Pol\u00edtica de protecci\u00f3 de dades <\/strong><\/p>\n<p>El responsable aplica el principi de responsabilitat proactiva en el tractament de les dades de car\u00e0cter personal, mantenint una actualitzaci\u00f3 constant i promovent la millora cont\u00ednua del sistema de protecci\u00f3 de dades d\u2019acord amb els requisits legals exigibles, garantint en tot cas:<\/p>\n<p>* el respecte a les llibertats i als drets fonamentals de les persones f\u00edsiques<br \/>\n* que les dades es tracten de manera l\u00edcita, lleial i transparent<br \/>\n* que les dades tractades s\u00f3n exactes, adequades, pertinents i limitades en relaci\u00f3 amb les finalitats per a les quals es recullen<br \/>\n* que les finalitats per a les quals es recullen s\u00f3n expl\u00edcites i leg\u00edtimes i que no es tracten de manera incompatible amb aquestes finalitats<\/p>\n<p>La finalitat d\u2019aquest document \u00e9s informar els usuaris sobre qu\u00e8 fem amb les seves dades personals, com es recullen, per a qu\u00e8 s\u2019utilitzen, els drets que els assisteixen, aix\u00ed com tota la informaci\u00f3 legal necess\u00e0ria establerta per la normativa vigent.<\/p>\n<p><strong>Dades recollides, finalitat i licitud <\/strong><\/p>\n<p>Les dades de car\u00e0cter personal tractades s\u00f3n les aportades pels usuaris a trav\u00e9s dels formularis disponibles en aquest lloc web i s\u00f3n les m\u00ednimes exigibles per poder:<\/p>\n<p>*enviar-li informaci\u00f3 sobre els nostres productes\/serveis<br \/>\n*atendre consultes.<br \/>\n*tramitar comandes, aix\u00ed com poder elaborar les factures corresponents, informar sobre l\u2019estat de les comandes, atendre reclamacions i qualsevol altra gesti\u00f3 derivada de la prestaci\u00f3 del servei realitzat a trav\u00e9s d\u2019aquest lloc web.<\/p>\n<p>Aquestes finalitats es basen en principis legals de tractament de les dades recollides per la normativa vigent: per a l\u2019execuci\u00f3 d\u2019un contracte o la prestaci\u00f3 d\u2019un servei als usuaris, per al compliment d\u2019obligacions legals, per l\u2019inter\u00e8s leg\u00edtim i amb el consentiment dels usuaris.<\/p>\n<p><strong>Formularis web <\/strong><\/p>\n<p>Les dades personals recollides a trav\u00e9s del formulari web de contacte s\u2019utilitzen per poder atendre qualsevol consulta que l\u2019usuari realitzi a trav\u00e9s d\u2019aquest.<\/p>\n<p>Les dades personals recollides al formulari de comandes tenen la finalitat de tractar les dades necess\u00e0ries per a la correcta gesti\u00f3 de les seves comandes.<\/p>\n<p>El tractament de les dades est\u00e0 legitimat pel consentiment que vost\u00e8 ens presta en acceptar expressament les condicions del tractament informades a trav\u00e9s d\u2019aquesta pol\u00edtica de privacitat.<\/p>\n<p><strong>Destinataris de les dades<\/strong><\/p>\n<p>Les dades de car\u00e0cter personal obtingudes a trav\u00e9s dels formularis web es registren i es conserven en suports electr\u00f2nics controlats i supervisats pel responsable del tractament.<\/p>\n<p>Les seves dades personals no es comunicaran a tercers, amb l\u2019excepci\u00f3 que aquesta comunicaci\u00f3 de dades estigui emparada per una obligaci\u00f3 legal o quan, per a la correcta prestaci\u00f3 del servei o l\u2019execuci\u00f3 del contracte, sigui necessari comunicar les seves dades a tercers per poder efectuar el pagament (passarel\u00b7les de pagament), aix\u00ed com gestionar els lliuraments dels productes (transportistes), estant aquesta cessi\u00f3 emparada en les necessitats del servei. Pagament mitjan\u00e7ant altres passarel\u00b7les de pagament: recomanem a l\u2019usuari que llegeixi la pol\u00edtica de privacitat per entendre com gestiona la informaci\u00f3 personal.<\/p>\n<p>En els casos en qu\u00e8 la comunicaci\u00f3 de dades a tercers no estigui emparada en les bases legals establertes a l\u2019apartat anterior, la comunicaci\u00f3 de dades a altres destinataris nom\u00e9s es realitzar\u00e0 si l\u2019usuari ha donat el seu consentiment expr\u00e9s.<\/p>\n<p>Es mantenen uns criteris estrictes de selecci\u00f3 d\u2019encarregats del tractament i el comprom\u00eds contractual amb cadascun d\u2019ells per complir i fer complir les obligacions establertes en mat\u00e8ria de protecci\u00f3 de dades.<\/p>\n<p>En el cas que existeixin transfer\u00e8ncies internacionals de dades, GRUPO ON MARKET SL garantir\u00e0 que la transfer\u00e8ncia de les seves dades personals es realitza de conformitat amb les lleis de privacitat aplicables i, en particular, que s\u2019apliquin les mesures contractuals, t\u00e8cniques i organitzatives necess\u00e0ries, com ara les cl\u00e0usules contractuals est\u00e0ndard aprovades per la Comissi\u00f3 Europea.<\/p>\n<p>Pot obtenir m\u00e9s informaci\u00f3 sobre el tractament de les dades personals de la nostra organitzaci\u00f3 sol\u00b7licitant-la al correu: CLIENTES@GRUPOOM.ES.<\/p>\n<p><strong>Mesures t\u00e8cniques i organitzatives de protecci\u00f3 de dades <\/strong><\/p>\n<p>Els suports compten amb les mesures t\u00e8cniques i organitzatives necess\u00e0ries que garanteixen la confidencialitat i la conservaci\u00f3 de les dades personals obtingudes a trav\u00e9s del web.<br \/>\nLes dades personals recollides des del web es tracten mitjan\u00e7ant el protocol HTML amb certificat SSL v\u00e0lid.<br \/>\nEl personal implicat en les operacions de tractament de dades: acc\u00e9s, edici\u00f3, esborrat, etc\u2026 est\u00e0 capacitat per a aix\u00f2, format i comprom\u00e8s amb aquesta pol\u00edtica de protecci\u00f3 de dades.<\/p>\n<p><strong>Conservaci\u00f3 de les dades <\/strong><\/p>\n<p>Les dades de car\u00e0cter personal obtingudes a trav\u00e9s del formulari de contacte es conservaran el temps necessari per atendre la sol\u00b7licitud\/consulta realitzada.<br \/>\nLes dades de car\u00e0cter personal obtingudes a trav\u00e9s del formulari de comandes es conservaran mentre existeixi una relaci\u00f3 contractual i\/o comercial amb vost\u00e8 o mentre vost\u00e8 no exerceixi el seu dret de supressi\u00f3, cancel\u00b7laci\u00f3 i\/o limitaci\u00f3 del tractament de les seves dades.<br \/>\nUn cop ven\u00e7uda la relaci\u00f3 contractual, mantindrem la informaci\u00f3 degudament bloquejada, sense donar-li cap \u00fas, mentre pugui ser necess\u00e0ria per a l\u2019exercici o la defensa de reclamacions o se\u2019n pugui derivar algun tipus de responsabilitat judicial, legal o contractual del seu tractament, que hagi de ser atesa i per a la qual sigui necess\u00e0ria la seva recuperaci\u00f3.<br \/>\nEn cas que hagi acceptat expressament l\u2019enviament d\u2019informaci\u00f3 comercial, conservarem les seves dades de contacte fins que vost\u00e8 ens comuniqui la seva decisi\u00f3 d\u2019anul\u00b7lar aquests enviaments comercials.<\/p>\n<p><strong>Informaci\u00f3 sobre l\u2019exist\u00e8ncia de decisions automatitzades (inclosa l\u2019elaboraci\u00f3 de perfils) <\/strong><\/p>\n<p>Normalment no adoptem decisions autom\u00e0tiques, per\u00f2 quan ho fem deixarem clar que s\u2019est\u00e0 adoptant aquest tipus de decisi\u00f3. No obstant aix\u00f2,<br \/>\nGRUPO ON MARKET SL CIF\/NIF B12895835 recull diversos apartats dedicats a la personalitzaci\u00f3 de serveis amb la finalitat de mostrar publicitat personalitzada en accedir al seu lloc web i tamb\u00e9 per a l\u2019enviament de comunicacions personalitzades. GRUPO ON MARKET SL CIF\/NIF B12895835 reconeix la possibilitat de l\u2019elaboraci\u00f3 de perfils per millorar la seva oferta de productes o personalitzar l\u2019enviament d\u2019ofertes comercials o donar un tracte m\u00e9s personalitzat al client.<\/p>\n<p><strong>Oposici\u00f3 al tractament de les dades amb finalitats publicit\u00e0ries <\/strong><\/p>\n<p>Si va donar el seu consentiment perqu\u00e8 s\u2019utilitzessin les seves dades amb finalitats publicit\u00e0ries i no desitja continuar rebent publicitat, pot revocar el consentiment prestat en qualsevol moment mitjan\u00e7ant l\u2019enviament d\u2019un correu electr\u00f2nic al correu del responsable: CLIENTES@GRUPOOM.ES.<\/p>\n<p><strong>Canvis en la Pol\u00edtica de privacitat<\/strong><\/p>\n<p>\u00c9s possible que modifiquem la informaci\u00f3 continguda en aquesta Pol\u00edtica de privacitat i cookies quan ho considerem convenient. En cas que ho fem, li ho notificarem per diferents vies a trav\u00e9s de la Plataforma (per exemple, mitjan\u00e7ant un b\u00e0ner, un pop-up o una notificaci\u00f3 push), o fins i tot li ho comunicarem a la seva adre\u00e7a de correu electr\u00f2nic quan el canvi en q\u00fcesti\u00f3 sigui significatiu per a la seva privacitat, de manera que pugui revisar els canvis, valorar-los i, si escau, oposar-s\u2019hi o donar-se de baixa d\u2019algun servei o funcionalitat. En qualsevol cas, li suggerim que revisi aquesta Pol\u00edtica de privacitat i cookies de tant en tant per si hi hagu\u00e9s canvis menors o introdu\u00efm alguna millora interactiva. [\/vc_column_text][\/vc_column][\/vc_row]<\/p>\n<\/div>","protected":false},"excerpt":{"rendered":"<p>[vc_row unlock_row_content=&#8221;yes&#8221; row_height_percent=&#8221;0&#8243; override_padding=&#8221;yes&#8221; h_padding=&#8221;6&#8243; top_padding=&#8221;2&#8243; bottom_padding=&#8221;2&#8243; overlay_alpha=&#8221;50&#8243; gutter_size=&#8221;3&#8243; column_width_percent=&#8221;100&#8243; shift_y=&#8221;0&#8243; z_index=&#8221;0&#8243; uncode_shortcode_id=&#8221;201320&#8243;][vc_column column_width_percent=&#8221;90&#8243; gutter_size=&#8221;3&#8243; overlay_alpha=&#8221;50&#8243; shift_x=&#8221;0&#8243; shift_y=&#8221;0&#8243; shift_y_down=&#8221;0&#8243; z_index=&#8221;0&#8243; [&hellip;]<\/p>\n","protected":false},"author":1,"featured_media":0,"parent":0,"menu_order":0,"comment_status":"closed","ping_status":"closed","template":"","meta":{"footnotes":""},"class_list":["post-183613","page","type-page","status-publish","hentry"],"yoast_head":"<!-- This site is optimized with the Yoast SEO plugin v27.2 - https:\/\/yoast.com\/product\/yoast-seo-wordpress\/ -->\n<title>Pol\u00edtica de privacitat - Grupo On Market<\/title>\n<meta name=\"robots\" content=\"noindex, nofollow\" \/>\n<meta property=\"og:locale\" content=\"ca_ES\" \/>\n<meta property=\"og:type\" content=\"article\" \/>\n<meta property=\"og:title\" content=\"Pol\u00edtica de privacitat - Grupo On Market\" \/>\n<meta property=\"og:description\" content=\"[vc_row unlock_row_content=&#8221;yes&#8221; row_height_percent=&#8221;0&#8243; override_padding=&#8221;yes&#8221; h_padding=&#8221;6&#8243; top_padding=&#8221;2&#8243; bottom_padding=&#8221;2&#8243; overlay_alpha=&#8221;50&#8243; gutter_size=&#8221;3&#8243; column_width_percent=&#8221;100&#8243; shift_y=&#8221;0&#8243; z_index=&#8221;0&#8243; uncode_shortcode_id=&#8221;201320&#8243;][vc_column column_width_percent=&#8221;90&#8243; gutter_size=&#8221;3&#8243; overlay_alpha=&#8221;50&#8243; shift_x=&#8221;0&#8243; shift_y=&#8221;0&#8243; shift_y_down=&#8221;0&#8243; z_index=&#8221;0&#8243; [&hellip;]\" \/>\n<meta property=\"og:url\" content=\"https:\/\/grupoom.es\/ca\/politica-de-privacitat\/\" \/>\n<meta property=\"og:site_name\" content=\"Grupo On Market\" \/>\n<meta property=\"article:modified_time\" content=\"2026-04-14T15:08:48+00:00\" \/>\n<meta name=\"twitter:card\" content=\"summary_large_image\" \/>\n<meta name=\"twitter:label1\" content=\"Temps estimat de lectura\" \/>\n\t<meta name=\"twitter:data1\" content=\"6 minuts\" \/>\n<script type=\"application\/ld+json\" class=\"yoast-schema-graph\">{\"@context\":\"https:\/\/schema.org\",\"@graph\":[{\"@type\":\"WebPage\",\"@id\":\"https:\/\/grupoom.es\/ca\/politica-de-privacitat\/\",\"url\":\"https:\/\/grupoom.es\/ca\/politica-de-privacitat\/\",\"name\":\"Pol\u00edtica de privacitat - Grupo On Market\",\"isPartOf\":{\"@id\":\"https:\/\/grupoom.es\/ca\/#website\"},\"datePublished\":\"2022-03-21T16:05:17+00:00\",\"dateModified\":\"2026-04-14T15:08:48+00:00\",\"breadcrumb\":{\"@id\":\"https:\/\/grupoom.es\/ca\/politica-de-privacitat\/#breadcrumb\"},\"inLanguage\":\"ca\",\"potentialAction\":[{\"@type\":\"ReadAction\",\"target\":[\"https:\/\/grupoom.es\/ca\/politica-de-privacitat\/\"]}]},{\"@type\":\"BreadcrumbList\",\"@id\":\"https:\/\/grupoom.es\/ca\/politica-de-privacitat\/#breadcrumb\",\"itemListElement\":[{\"@type\":\"ListItem\",\"position\":1,\"name\":\"Portada\",\"item\":\"https:\/\/grupoom.es\/ca\/agencia-de-publicitat-i-marqueting-online-a-castello\/\"},{\"@type\":\"ListItem\",\"position\":2,\"name\":\"Pol\u00edtica de privacitat\"}]},{\"@type\":\"WebSite\",\"@id\":\"https:\/\/grupoom.es\/ca\/#website\",\"url\":\"https:\/\/grupoom.es\/ca\/\",\"name\":\"Grupo On Market\",\"description\":\"Agencia de Publicidad y Marketing Online en Castell\u00f3n\",\"potentialAction\":[{\"@type\":\"SearchAction\",\"target\":{\"@type\":\"EntryPoint\",\"urlTemplate\":\"https:\/\/grupoom.es\/ca\/?s={search_term_string}\"},\"query-input\":{\"@type\":\"PropertyValueSpecification\",\"valueRequired\":true,\"valueName\":\"search_term_string\"}}],\"inLanguage\":\"ca\"}]}<\/script>\n<!-- \/ Yoast SEO plugin. -->","yoast_head_json":{"title":"Pol\u00edtica de privacitat - Grupo On Market","robots":{"index":"noindex","follow":"nofollow"},"og_locale":"ca_ES","og_type":"article","og_title":"Pol\u00edtica de privacitat - Grupo On Market","og_description":"[vc_row unlock_row_content=&#8221;yes&#8221; row_height_percent=&#8221;0&#8243; override_padding=&#8221;yes&#8221; h_padding=&#8221;6&#8243; top_padding=&#8221;2&#8243; bottom_padding=&#8221;2&#8243; overlay_alpha=&#8221;50&#8243; gutter_size=&#8221;3&#8243; column_width_percent=&#8221;100&#8243; shift_y=&#8221;0&#8243; z_index=&#8221;0&#8243; uncode_shortcode_id=&#8221;201320&#8243;][vc_column column_width_percent=&#8221;90&#8243; gutter_size=&#8221;3&#8243; overlay_alpha=&#8221;50&#8243; shift_x=&#8221;0&#8243; shift_y=&#8221;0&#8243; shift_y_down=&#8221;0&#8243; z_index=&#8221;0&#8243; [&hellip;]","og_url":"https:\/\/grupoom.es\/ca\/politica-de-privacitat\/","og_site_name":"Grupo On Market","article_modified_time":"2026-04-14T15:08:48+00:00","twitter_card":"summary_large_image","twitter_misc":{"Temps estimat de lectura":"6 minuts"},"schema":{"@context":"https:\/\/schema.org","@graph":[{"@type":"WebPage","@id":"https:\/\/grupoom.es\/ca\/politica-de-privacitat\/","url":"https:\/\/grupoom.es\/ca\/politica-de-privacitat\/","name":"Pol\u00edtica de privacitat - Grupo On Market","isPartOf":{"@id":"https:\/\/grupoom.es\/ca\/#website"},"datePublished":"2022-03-21T16:05:17+00:00","dateModified":"2026-04-14T15:08:48+00:00","breadcrumb":{"@id":"https:\/\/grupoom.es\/ca\/politica-de-privacitat\/#breadcrumb"},"inLanguage":"ca","potentialAction":[{"@type":"ReadAction","target":["https:\/\/grupoom.es\/ca\/politica-de-privacitat\/"]}]},{"@type":"BreadcrumbList","@id":"https:\/\/grupoom.es\/ca\/politica-de-privacitat\/#breadcrumb","itemListElement":[{"@type":"ListItem","position":1,"name":"Portada","item":"https:\/\/grupoom.es\/ca\/agencia-de-publicitat-i-marqueting-online-a-castello\/"},{"@type":"ListItem","position":2,"name":"Pol\u00edtica de privacitat"}]},{"@type":"WebSite","@id":"https:\/\/grupoom.es\/ca\/#website","url":"https:\/\/grupoom.es\/ca\/","name":"Grupo On Market","description":"Agencia de Publicidad y Marketing Online en Castell\u00f3n","potentialAction":[{"@type":"SearchAction","target":{"@type":"EntryPoint","urlTemplate":"https:\/\/grupoom.es\/ca\/?s={search_term_string}"},"query-input":{"@type":"PropertyValueSpecification","valueRequired":true,"valueName":"search_term_string"}}],"inLanguage":"ca"}]}},"_links":{"self":[{"href":"https:\/\/grupoom.es\/ca\/wp-json\/wp\/v2\/pages\/183613","targetHints":{"allow":["GET"]}}],"collection":[{"href":"https:\/\/grupoom.es\/ca\/wp-json\/wp\/v2\/pages"}],"about":[{"href":"https:\/\/grupoom.es\/ca\/wp-json\/wp\/v2\/types\/page"}],"author":[{"embeddable":true,"href":"https:\/\/grupoom.es\/ca\/wp-json\/wp\/v2\/users\/1"}],"replies":[{"embeddable":true,"href":"https:\/\/grupoom.es\/ca\/wp-json\/wp\/v2\/comments?post=183613"}],"version-history":[{"count":3,"href":"https:\/\/grupoom.es\/ca\/wp-json\/wp\/v2\/pages\/183613\/revisions"}],"predecessor-version":[{"id":184200,"href":"https:\/\/grupoom.es\/ca\/wp-json\/wp\/v2\/pages\/183613\/revisions\/184200"}],"wp:attachment":[{"href":"https:\/\/grupoom.es\/ca\/wp-json\/wp\/v2\/media?parent=183613"}],"curies":[{"name":"wp","href":"https:\/\/api.w.org\/{rel}","templated":true}]}}